{"id":8698,"date":"2022-04-19T23:14:00","date_gmt":"2022-04-19T21:14:00","guid":{"rendered":"https:\/\/eterle.cz\/eshop\/produkt\/retro-plakat-zaba\/"},"modified":"2025-02-16T03:02:27","modified_gmt":"2025-02-16T02:02:27","slug":"retro-plakat-zaba","status":"publish","type":"product","link":"https:\/\/eterle.cz\/eshop\/produkt\/retro-plakat-zaba\/","title":{"rendered":"Retro plak\u00e1t (\u017e\u00e1ba)"},"content":{"rendered":"<p>Kr\u00e1sn\u00fd \u0161koln\u00ed plak\u00e1t s motivem v\u00fdvoje \u017e\u00e1by. A\u010d ji\u017e nese zn\u00e1mky hojn\u00e9ho u\u017e\u00edv\u00e1n\u00ed, neub\u00edr\u00e1 mu to na kr\u00e1se. P\u016fsob\u00ed autenticky a bude kr\u00e1snou ozdobou interi\u00e9ru. V sou\u010dasn\u00e9 dob\u011b jsou plak\u00e1ty vyhled\u00e1vanou bytovou dekorac\u00ed.<\/p>\n<p>Stav: nen\u00ed perfektn\u00ed, u li\u0161ta po okraj\u00edch m\u00edsty potrhan\u00fd a vyspraven pap\u00edrovou p\u00e1skou<br \/>\nRozm\u011br<br \/>\n\u0160\u00ed\u0159ka: 62 cm<br \/>\nV\u00fd\u0161ka:78  cm<\/p>\n","protected":false},"excerpt":{"rendered":"<p>Kr\u00e1sn\u00fd \u0161koln\u00ed plak\u00e1t s motivem v\u00fdvoje \u017e\u00e1by. A\u010d ji\u017e nese zn\u00e1mky hojn\u00e9ho u\u017e\u00edv\u00e1n\u00ed, neub\u00edr\u00e1 mu to na kr\u00e1se. P\u016fsob\u00ed autenticky<\/p>\n","protected":false},"featured_media":8699,"template":"","meta":[],"product_brand":[153],"product_cat":[91],"product_tag":[],"class_list":{"0":"post-8698","1":"product","2":"type-product","3":"status-publish","4":"has-post-thumbnail","6":"product_brand-eterle-cz","7":"product_cat-prodane","8":"product_shipping_class-nadrozmerne","10":"first","11":"outofstock","12":"purchasable","13":"product-type-simple"},"_links":{"self":[{"href":"https:\/\/eterle.cz\/eshop\/wp-json\/wp\/v2\/product\/8698","targetHints":{"allow":["GET"]}}],"collection":[{"href":"https:\/\/eterle.cz\/eshop\/wp-json\/wp\/v2\/product"}],"about":[{"href":"https:\/\/eterle.cz\/eshop\/wp-json\/wp\/v2\/types\/product"}],"version-history":[{"count":0,"href":"https:\/\/eterle.cz\/eshop\/wp-json\/wp\/v2\/product\/8698\/revisions"}],"wp:featuredmedia":[{"embeddable":true,"href":"https:\/\/eterle.cz\/eshop\/wp-json\/wp\/v2\/media\/8699"}],"wp:attachment":[{"href":"https:\/\/eterle.cz\/eshop\/wp-json\/wp\/v2\/media?parent=8698"}],"wp:term":[{"taxonomy":"product_brand","embeddable":true,"href":"https:\/\/eterle.cz\/eshop\/wp-json\/wp\/v2\/product_brand?post=8698"},{"taxonomy":"product_cat","embeddable":true,"href":"https:\/\/eterle.cz\/eshop\/wp-json\/wp\/v2\/product_cat?post=8698"},{"taxonomy":"product_tag","embeddable":true,"href":"https:\/\/eterle.cz\/eshop\/wp-json\/wp\/v2\/product_tag?post=8698"}],"curies":[{"name":"wp","href":"https:\/\/api.w.org\/{rel}","templated":true}]}}