{"id":8703,"date":"2022-04-19T23:14:14","date_gmt":"2022-04-19T21:14:14","guid":{"rendered":"https:\/\/eterle.cz\/eshop\/produkt\/4-zidle-lizatka-jindrich-halabala\/"},"modified":"2025-02-16T03:02:27","modified_gmt":"2025-02-16T02:02:27","slug":"4-zidle-lizatka-jindrich-halabala","status":"publish","type":"product","link":"https:\/\/eterle.cz\/eshop\/produkt\/4-zidle-lizatka-jindrich-halabala\/","title":{"rendered":"4 \u017eidle L\u00edz\u00e1tka \/ Jind\u0159ich Halabala"},"content":{"rendered":"<p>Staro\u017eitn\u00e9 j\u00eddeln\u00ed \u017eidle podle n\u00e1vrhu Jind\u0159icha Halabaly pro \u00daP z\u00e1vody. Jedn\u00e1 se o model H-214 tak\u00e9 p\u0159ezd\u00edvan\u00fd &#8222;l\u00edz\u00e1tka&#8220;. Halabalovo d\u00edlo je pova\u017eov\u00e1no za spojen\u00ed mezi inovativn\u00edm \u010desk\u00fdm kubismem z roku 1910, art decem z po\u010d\u00e1tku dvac\u00e1t\u00fdch let a evropsk\u00fdm modern\u00edm um\u011bn\u00edm po druh\u00e9 sv\u011btov\u00e9 v\u00e1lce. Jeho komer\u010dn\u011b \u00fasp\u011b\u0161n\u00e9 designy byly siln\u011b zalo\u017eeny na designu Bauhausu.<\/p>\n<p>K dispozici i <a href=\"https:\/\/eterle.cz\/eshop\/produkt\/jideni-stul-jindrich-halabala\/\">j\u00eddeln\u00ed rozkl\u00e1dac\u00ed st\u016fl Halabala<\/a>.<\/p>\n<p>Stav: zachoval\u00fd p\u016fvodn\u00ed stav, d\u0159evo s patinou, \u010daloun\u011bn\u00ed v po\u0159\u00e1dku. Jedna \u017eidle m\u00e1 od\u0161t\u00edpnut\u00fd kousek nohy v doln\u00ed \u010d\u00e1sti (viz foto). M\u00edsty stopy po ji\u017e neaktivn\u00edm \u010dervoto\u010di.<br \/>\nZna\u010dka: Jind\u0159ich Halabala<br \/>\nRozm\u011br<br \/>\n\u0160\u00ed\u0159ka: 45 cm<br \/>\nHloubka: 54 cm<br \/>\nV\u00fd\u0161ka: 82 cm<\/p>\n","protected":false},"excerpt":{"rendered":"<p>Staro\u017eitn\u00e9 j\u00eddeln\u00ed \u017eidle podle n\u00e1vrhu Jind\u0159icha Halabaly pro \u00daP z\u00e1vody. Jedn\u00e1 se o model H-214 tak\u00e9 p\u0159ezd\u00edvan\u00fd &#8222;l\u00edz\u00e1tka&#8220;. Halabalovo d\u00edlo<\/p>\n","protected":false},"featured_media":8704,"template":"","meta":[],"product_brand":[153],"product_cat":[91],"product_tag":[],"class_list":{"0":"post-8703","1":"product","2":"type-product","3":"status-publish","4":"has-post-thumbnail","6":"product_brand-eterle-cz","7":"product_cat-prodane","8":"product_shipping_class-nadrozmerne","10":"first","11":"outofstock","12":"purchasable","13":"product-type-simple"},"_links":{"self":[{"href":"https:\/\/eterle.cz\/eshop\/wp-json\/wp\/v2\/product\/8703","targetHints":{"allow":["GET"]}}],"collection":[{"href":"https:\/\/eterle.cz\/eshop\/wp-json\/wp\/v2\/product"}],"about":[{"href":"https:\/\/eterle.cz\/eshop\/wp-json\/wp\/v2\/types\/product"}],"version-history":[{"count":1,"href":"https:\/\/eterle.cz\/eshop\/wp-json\/wp\/v2\/product\/8703\/revisions"}],"predecessor-version":[{"id":8839,"href":"https:\/\/eterle.cz\/eshop\/wp-json\/wp\/v2\/product\/8703\/revisions\/8839"}],"wp:featuredmedia":[{"embeddable":true,"href":"https:\/\/eterle.cz\/eshop\/wp-json\/wp\/v2\/media\/8704"}],"wp:attachment":[{"href":"https:\/\/eterle.cz\/eshop\/wp-json\/wp\/v2\/media?parent=8703"}],"wp:term":[{"taxonomy":"product_brand","embeddable":true,"href":"https:\/\/eterle.cz\/eshop\/wp-json\/wp\/v2\/product_brand?post=8703"},{"taxonomy":"product_cat","embeddable":true,"href":"https:\/\/eterle.cz\/eshop\/wp-json\/wp\/v2\/product_cat?post=8703"},{"taxonomy":"product_tag","embeddable":true,"href":"https:\/\/eterle.cz\/eshop\/wp-json\/wp\/v2\/product_tag?post=8703"}],"curies":[{"name":"wp","href":"https:\/\/api.w.org\/{rel}","templated":true}]}}