{"id":8722,"date":"2022-04-19T23:15:06","date_gmt":"2022-04-19T21:15:06","guid":{"rendered":"https:\/\/eterle.cz\/eshop\/produkt\/kuchynska-zidle-thonet\/"},"modified":"2025-02-16T03:02:26","modified_gmt":"2025-02-16T02:02:26","slug":"kuchynska-zidle-thonet","status":"publish","type":"product","link":"https:\/\/eterle.cz\/eshop\/produkt\/kuchynska-zidle-thonet\/","title":{"rendered":"Kuchy\u0148sk\u00e1 \u017eidle \/ Thonet"},"content":{"rendered":"<p>Kuchy\u0148sk\u00e1 \u017eidle Thonet ze 70.- 80. let minul\u00e9ho stolet\u00ed, kter\u00e1 v t\u00e9 dob\u011b nechyb\u011bla snad v \u017e\u00e1dn\u00e9 dom\u00e1cnosti. Barevn\u00e1 kombinace p\u0159\u00edrodn\u00edho d\u0159eva a b\u00edl\u00e9 barvy p\u016fsob\u00ed decentn\u011b a umo\u017e\u0148uje i kombinaci s \u010dist\u011b b\u00edl\u00fdmi nebo p\u0159\u00edrodn\u00edmi \u017eidlemi a\u0165 u\u017e jin\u00fdch tavr\u016f nebo tohoto modelu.<\/p>\n<p>Stav: dobr\u00fd vintage stav<br \/>\nZna\u010dka: Thonet<br \/>\nRozm\u011br<br \/>\n\u0160\u00ed\u0159ka: 41 cm<br \/>\nHloubka: 45 cm<br \/>\nV\u00fd\u0161ka: 80 cm<br \/>\nV\u00fd\u0161ka sed\u00e1ku: 46 cm<\/p>\n","protected":false},"excerpt":{"rendered":"<p>Kuchy\u0148sk\u00e1 \u017eidle Thonet ze 70.- 80. let minul\u00e9ho stolet\u00ed, kter\u00e1 v t\u00e9 dob\u011b nechyb\u011bla snad v \u017e\u00e1dn\u00e9 dom\u00e1cnosti. Barevn\u00e1 kombinace<\/p>\n","protected":false},"featured_media":8723,"template":"","meta":[],"product_brand":[153],"product_cat":[91],"product_tag":[],"class_list":{"0":"post-8722","1":"product","2":"type-product","3":"status-publish","4":"has-post-thumbnail","6":"product_brand-eterle-cz","7":"product_cat-prodane","8":"product_shipping_class-nadrozmerne","10":"first","11":"outofstock","12":"purchasable","13":"product-type-simple"},"_links":{"self":[{"href":"https:\/\/eterle.cz\/eshop\/wp-json\/wp\/v2\/product\/8722","targetHints":{"allow":["GET"]}}],"collection":[{"href":"https:\/\/eterle.cz\/eshop\/wp-json\/wp\/v2\/product"}],"about":[{"href":"https:\/\/eterle.cz\/eshop\/wp-json\/wp\/v2\/types\/product"}],"version-history":[{"count":1,"href":"https:\/\/eterle.cz\/eshop\/wp-json\/wp\/v2\/product\/8722\/revisions"}],"predecessor-version":[{"id":8877,"href":"https:\/\/eterle.cz\/eshop\/wp-json\/wp\/v2\/product\/8722\/revisions\/8877"}],"wp:featuredmedia":[{"embeddable":true,"href":"https:\/\/eterle.cz\/eshop\/wp-json\/wp\/v2\/media\/8723"}],"wp:attachment":[{"href":"https:\/\/eterle.cz\/eshop\/wp-json\/wp\/v2\/media?parent=8722"}],"wp:term":[{"taxonomy":"product_brand","embeddable":true,"href":"https:\/\/eterle.cz\/eshop\/wp-json\/wp\/v2\/product_brand?post=8722"},{"taxonomy":"product_cat","embeddable":true,"href":"https:\/\/eterle.cz\/eshop\/wp-json\/wp\/v2\/product_cat?post=8722"},{"taxonomy":"product_tag","embeddable":true,"href":"https:\/\/eterle.cz\/eshop\/wp-json\/wp\/v2\/product_tag?post=8722"}],"curies":[{"name":"wp","href":"https:\/\/api.w.org\/{rel}","templated":true}]}}