{"id":8728,"date":"2022-04-19T23:15:24","date_gmt":"2022-04-19T21:15:24","guid":{"rendered":"https:\/\/eterle.cz\/eshop\/produkt\/kuchynska-zidle-thonet-2\/"},"modified":"2025-02-16T03:02:26","modified_gmt":"2025-02-16T02:02:26","slug":"kuchynska-zidle-thonet-2","status":"publish","type":"product","link":"https:\/\/eterle.cz\/eshop\/produkt\/kuchynska-zidle-thonet-2\/","title":{"rendered":"Kuchy\u0148sk\u00e1 \u017eidle \/ Thonet"},"content":{"rendered":"<p>Kuchy\u0148sk\u00e1 \u017eidle Thonet 70.- 80. let minul\u00e9ho stolet\u00ed, kter\u00e1 v t\u00e9 dob\u011b nechyb\u011bla snad v \u017e\u00e1dn\u00e9 dom\u00e1cnosti. Nyn\u00ed slav\u00ed comeback a\u0165 u\u017e v kav\u00e1rn\u00e1ch nebo v soukrom\u00fdch j\u00eddeln\u00e1ch.<\/p>\n<p>Stav: dobr\u00fd vintage stav<br \/>\nZna\u010dka: Thonet<br \/>\nRozm\u011br<br \/>\n\u0160\u00ed\u0159ka: 39 cm<br \/>\nHloubka: 45 cm<br \/>\nV\u00fd\u0161ka: 80 cm<br \/>\nV\u00fd\u0161ka sed\u00e1ku: 45 cm<\/p>\n","protected":false},"excerpt":{"rendered":"<p>Kuchy\u0148sk\u00e1 \u017eidle Thonet 70.- 80. let minul\u00e9ho stolet\u00ed, kter\u00e1 v t\u00e9 dob\u011b nechyb\u011bla snad v \u017e\u00e1dn\u00e9 dom\u00e1cnosti. Nyn\u00ed slav\u00ed comeback<\/p>\n","protected":false},"featured_media":8729,"template":"","meta":[],"product_brand":[153],"product_cat":[91],"product_tag":[],"class_list":{"0":"post-8728","1":"product","2":"type-product","3":"status-publish","4":"has-post-thumbnail","6":"product_brand-eterle-cz","7":"product_cat-prodane","8":"product_shipping_class-nadrozmerne","10":"first","11":"outofstock","12":"purchasable","13":"product-type-simple"},"_links":{"self":[{"href":"https:\/\/eterle.cz\/eshop\/wp-json\/wp\/v2\/product\/8728","targetHints":{"allow":["GET"]}}],"collection":[{"href":"https:\/\/eterle.cz\/eshop\/wp-json\/wp\/v2\/product"}],"about":[{"href":"https:\/\/eterle.cz\/eshop\/wp-json\/wp\/v2\/types\/product"}],"version-history":[{"count":0,"href":"https:\/\/eterle.cz\/eshop\/wp-json\/wp\/v2\/product\/8728\/revisions"}],"wp:featuredmedia":[{"embeddable":true,"href":"https:\/\/eterle.cz\/eshop\/wp-json\/wp\/v2\/media\/8729"}],"wp:attachment":[{"href":"https:\/\/eterle.cz\/eshop\/wp-json\/wp\/v2\/media?parent=8728"}],"wp:term":[{"taxonomy":"product_brand","embeddable":true,"href":"https:\/\/eterle.cz\/eshop\/wp-json\/wp\/v2\/product_brand?post=8728"},{"taxonomy":"product_cat","embeddable":true,"href":"https:\/\/eterle.cz\/eshop\/wp-json\/wp\/v2\/product_cat?post=8728"},{"taxonomy":"product_tag","embeddable":true,"href":"https:\/\/eterle.cz\/eshop\/wp-json\/wp\/v2\/product_tag?post=8728"}],"curies":[{"name":"wp","href":"https:\/\/api.w.org\/{rel}","templated":true}]}}