{"id":8743,"date":"2022-04-19T23:16:08","date_gmt":"2022-04-19T21:16:08","guid":{"rendered":"https:\/\/eterle.cz\/eshop\/produkt\/toaletka\/"},"modified":"2025-02-16T03:02:25","modified_gmt":"2025-02-16T02:02:25","slug":"toaletka","status":"publish","type":"product","link":"https:\/\/eterle.cz\/eshop\/produkt\/toaletka\/","title":{"rendered":"Toaletka"},"content":{"rendered":"<p>Toaletn\u00ed sk\u0159\u00ed\u0148ka ze 70. let minul\u00e9ho stolet\u00ed. Kombinace opaxitov\u00e9ho skla a buku. Vhodn\u00e1 nap\u0159\u00edklad do haly, kde m\u016f\u017eete odlo\u017eit kabelku a skontrolvat sv\u016fj vzhled p\u0159ed odchodem.<\/p>\n<p>Stav: zachoval\u00fd p\u016fvodn\u00ed stav. Sklo a zrcadlo v po\u0159\u00e1dku. D\u0159evo nepatrn\u00e9 zn\u00e1mky patiny. \u00dachyty zrcadla nesou zn\u00e1mky koroze.<br \/>\nRozm\u011br<br \/>\n\u0160\u00ed\u0159ka: 86 cm<br \/>\nHloubka: 36 cm<br \/>\nV\u00fd\u0161ka: 170 cm<\/p>\n","protected":false},"excerpt":{"rendered":"<p>Toaletn\u00ed sk\u0159\u00ed\u0148ka ze 70. let minul\u00e9ho stolet\u00ed. Kombinace opaxitov\u00e9ho skla a buku. Vhodn\u00e1 nap\u0159\u00edklad do haly, kde m\u016f\u017eete odlo\u017eit kabelku<\/p>\n","protected":false},"featured_media":8744,"template":"","meta":[],"product_brand":[153],"product_cat":[91],"product_tag":[],"class_list":{"0":"post-8743","1":"product","2":"type-product","3":"status-publish","4":"has-post-thumbnail","6":"product_brand-eterle-cz","7":"product_cat-prodane","8":"product_shipping_class-nadrozmerne","10":"first","11":"outofstock","12":"purchasable","13":"product-type-simple"},"_links":{"self":[{"href":"https:\/\/eterle.cz\/eshop\/wp-json\/wp\/v2\/product\/8743","targetHints":{"allow":["GET"]}}],"collection":[{"href":"https:\/\/eterle.cz\/eshop\/wp-json\/wp\/v2\/product"}],"about":[{"href":"https:\/\/eterle.cz\/eshop\/wp-json\/wp\/v2\/types\/product"}],"version-history":[{"count":1,"href":"https:\/\/eterle.cz\/eshop\/wp-json\/wp\/v2\/product\/8743\/revisions"}],"predecessor-version":[{"id":18770,"href":"https:\/\/eterle.cz\/eshop\/wp-json\/wp\/v2\/product\/8743\/revisions\/18770"}],"wp:featuredmedia":[{"embeddable":true,"href":"https:\/\/eterle.cz\/eshop\/wp-json\/wp\/v2\/media\/8744"}],"wp:attachment":[{"href":"https:\/\/eterle.cz\/eshop\/wp-json\/wp\/v2\/media?parent=8743"}],"wp:term":[{"taxonomy":"product_brand","embeddable":true,"href":"https:\/\/eterle.cz\/eshop\/wp-json\/wp\/v2\/product_brand?post=8743"},{"taxonomy":"product_cat","embeddable":true,"href":"https:\/\/eterle.cz\/eshop\/wp-json\/wp\/v2\/product_cat?post=8743"},{"taxonomy":"product_tag","embeddable":true,"href":"https:\/\/eterle.cz\/eshop\/wp-json\/wp\/v2\/product_tag?post=8743"}],"curies":[{"name":"wp","href":"https:\/\/api.w.org\/{rel}","templated":true}]}}