{"id":8750,"date":"2022-04-19T23:16:27","date_gmt":"2022-04-19T21:16:27","guid":{"rendered":"https:\/\/eterle.cz\/eshop\/produkt\/konferencni-stul\/"},"modified":"2025-02-16T03:02:25","modified_gmt":"2025-02-16T02:02:25","slug":"konferencni-stul","status":"publish","type":"product","link":"https:\/\/eterle.cz\/eshop\/produkt\/konferencni-stul\/","title":{"rendered":"Konferen\u010dn\u00ed st\u016fl"},"content":{"rendered":"<p>Konferen\u010dn\u00ed stolek vyroben pro Interi\u00e9r Praha v 70. let minul\u00e9ho stolet\u00ed. Umakartov\u00e1 deska je oboustrann\u00e1 a m\u016f\u017eete si tak zvolit bu\u010f v\u00fdrazn\u011bj\u0161\u00ed \u017elutou nebo st\u0159\u00eddm\u011bj\u0161\u00ed \u0161edou variantu s drobn\u00fdm vzorkem. M\u00e1te tak vlastn\u011b dva stolky v jednom, ale v\u017edy minimalistick\u00fd a nad\u010dasov\u00fd.<\/p>\n<p>Stav: hezk\u00fd p\u016fvodn\u00ed stav, jen lehk\u00e9 od\u011brky na dvou d\u0159ev\u011bn\u00fdch roz\u00edch (viz foto)<br \/>\nRozm\u011br<br \/>\nD\u00e9lka: 113 cm<br \/>\nHloubka: 53 cm<br \/>\nV\u00fd\u0161ka: 60 cm<\/p>\n","protected":false},"excerpt":{"rendered":"<p>Konferen\u010dn\u00ed stolek vyroben pro Interi\u00e9r Praha v 70. let minul\u00e9ho stolet\u00ed. Umakartov\u00e1 deska je oboustrann\u00e1 a m\u016f\u017eete si tak zvolit<\/p>\n","protected":false},"featured_media":8751,"template":"","meta":[],"product_brand":[153],"product_cat":[91],"product_tag":[],"class_list":{"0":"post-8750","1":"product","2":"type-product","3":"status-publish","4":"has-post-thumbnail","6":"product_brand-eterle-cz","7":"product_cat-prodane","8":"product_shipping_class-nadrozmerne","10":"first","11":"outofstock","12":"purchasable","13":"product-type-simple"},"_links":{"self":[{"href":"https:\/\/eterle.cz\/eshop\/wp-json\/wp\/v2\/product\/8750","targetHints":{"allow":["GET"]}}],"collection":[{"href":"https:\/\/eterle.cz\/eshop\/wp-json\/wp\/v2\/product"}],"about":[{"href":"https:\/\/eterle.cz\/eshop\/wp-json\/wp\/v2\/types\/product"}],"version-history":[{"count":0,"href":"https:\/\/eterle.cz\/eshop\/wp-json\/wp\/v2\/product\/8750\/revisions"}],"wp:featuredmedia":[{"embeddable":true,"href":"https:\/\/eterle.cz\/eshop\/wp-json\/wp\/v2\/media\/8751"}],"wp:attachment":[{"href":"https:\/\/eterle.cz\/eshop\/wp-json\/wp\/v2\/media?parent=8750"}],"wp:term":[{"taxonomy":"product_brand","embeddable":true,"href":"https:\/\/eterle.cz\/eshop\/wp-json\/wp\/v2\/product_brand?post=8750"},{"taxonomy":"product_cat","embeddable":true,"href":"https:\/\/eterle.cz\/eshop\/wp-json\/wp\/v2\/product_cat?post=8750"},{"taxonomy":"product_tag","embeddable":true,"href":"https:\/\/eterle.cz\/eshop\/wp-json\/wp\/v2\/product_tag?post=8750"}],"curies":[{"name":"wp","href":"https:\/\/api.w.org\/{rel}","templated":true}]}}