{"id":8757,"date":"2022-04-19T23:16:46","date_gmt":"2022-04-19T21:16:46","guid":{"rendered":"https:\/\/eterle.cz\/eshop\/produkt\/lekarenska-skrin\/"},"modified":"2025-02-16T03:02:25","modified_gmt":"2025-02-16T02:02:25","slug":"lekarenska-skrin","status":"publish","type":"product","link":"https:\/\/eterle.cz\/eshop\/produkt\/lekarenska-skrin\/","title":{"rendered":"L\u00e9k\u00e1rensk\u00e1 sk\u0159\u00ed\u0148"},"content":{"rendered":"<p>L\u00e9k\u00e1rensk\u00e1 sk\u0159\u00ed\u0148 op\u00edskov\u00e1na a nat\u0159ena z\u00e1kladn\u00ed barvou. Skla jsou sou\u010d\u00e1st\u00ed, ale nejsou zasklena, aby bylo mo\u017eno v p\u0159\u00edpad\u011b z\u00e1jmu sk\u0159\u00ed\u0148 nat\u0159\u00edt a skla nebyla po\u0161kozena. M\u00e1 v\u0161e, co pot\u0159ebujete, prosklenou \u010d\u00e1st na v\u011bci, kter\u00e9 chcete vystavit, ale nechcete, aby se na n\u011b pr\u00e1\u0161ilo, \u0161upl\u00edk na drobnosti a spodn\u00ed uzav\u0159enou \u010d\u00e1st na &#8222;nepo\u0159\u00e1dek&#8220;. <\/p>\n<p>V p\u0159\u00edpad\u011b z\u00e1jmu m\u016f\u017eeme za p\u0159\u00edplatek nast\u0159\u00edkat do po\u017eadovan\u00e9 barvy.<\/p>\n<p>Stav: p\u00edskovan\u00e1 a nat\u0159en\u00e1 z\u00e1kladn\u00ed barvou, skla nov\u00e1<br \/>\nRozm\u011br<br \/>\n\u0160\u00ed\u0159ka: 80 cm<br \/>\nHloubka: 40 cm<br \/>\nV\u00fd\u0161ka:165 cm<\/p>\n","protected":false},"excerpt":{"rendered":"<p>L\u00e9k\u00e1rensk\u00e1 sk\u0159\u00ed\u0148 op\u00edskov\u00e1na a nat\u0159ena z\u00e1kladn\u00ed barvou. Skla jsou sou\u010d\u00e1st\u00ed, ale nejsou zasklena, aby bylo mo\u017eno v p\u0159\u00edpad\u011b z\u00e1jmu sk\u0159\u00ed\u0148<\/p>\n","protected":false},"featured_media":8758,"template":"","meta":[],"product_brand":[153],"product_cat":[91],"product_tag":[],"class_list":{"0":"post-8757","1":"product","2":"type-product","3":"status-publish","4":"has-post-thumbnail","6":"product_brand-eterle-cz","7":"product_cat-prodane","8":"product_shipping_class-nadrozmerne","10":"first","11":"outofstock","12":"purchasable","13":"product-type-simple"},"_links":{"self":[{"href":"https:\/\/eterle.cz\/eshop\/wp-json\/wp\/v2\/product\/8757","targetHints":{"allow":["GET"]}}],"collection":[{"href":"https:\/\/eterle.cz\/eshop\/wp-json\/wp\/v2\/product"}],"about":[{"href":"https:\/\/eterle.cz\/eshop\/wp-json\/wp\/v2\/types\/product"}],"version-history":[{"count":0,"href":"https:\/\/eterle.cz\/eshop\/wp-json\/wp\/v2\/product\/8757\/revisions"}],"wp:featuredmedia":[{"embeddable":true,"href":"https:\/\/eterle.cz\/eshop\/wp-json\/wp\/v2\/media\/8758"}],"wp:attachment":[{"href":"https:\/\/eterle.cz\/eshop\/wp-json\/wp\/v2\/media?parent=8757"}],"wp:term":[{"taxonomy":"product_brand","embeddable":true,"href":"https:\/\/eterle.cz\/eshop\/wp-json\/wp\/v2\/product_brand?post=8757"},{"taxonomy":"product_cat","embeddable":true,"href":"https:\/\/eterle.cz\/eshop\/wp-json\/wp\/v2\/product_cat?post=8757"},{"taxonomy":"product_tag","embeddable":true,"href":"https:\/\/eterle.cz\/eshop\/wp-json\/wp\/v2\/product_tag?post=8757"}],"curies":[{"name":"wp","href":"https:\/\/api.w.org\/{rel}","templated":true}]}}