{"id":8773,"date":"2022-04-19T23:17:28","date_gmt":"2022-04-19T21:17:28","guid":{"rendered":"https:\/\/eterle.cz\/eshop\/produkt\/lavicka\/"},"modified":"2025-02-16T03:02:24","modified_gmt":"2025-02-16T02:02:24","slug":"lavicka","status":"publish","type":"product","link":"https:\/\/eterle.cz\/eshop\/produkt\/lavicka\/","title":{"rendered":"Lavi\u010dka"},"content":{"rendered":"<p>D\u0159ev\u011bn\u00e1 lavi\u010dka vhodn\u00e1 na zahradu \u010di do kuchyn\u011b. V l\u00e9t\u011b si na ni m\u016f\u017eete na z\u00e1pra\u017e\u00ed vychutnat k\u00e1vu nebo sledovat d\u011bti jak si hraj\u00ed.<\/p>\n<p>Stav: velmi dobr\u00fd p\u016fvodn\u00ed stav<br \/>\nRozm\u011br<br \/>\nD\u00e9lka: 120 cm<br \/>\nHloubka: 48 cm<br \/>\nV\u00fd\u0161ka: 76 cm<\/p>\n","protected":false},"excerpt":{"rendered":"<p>D\u0159ev\u011bn\u00e1 lavi\u010dka vhodn\u00e1 na zahradu \u010di do kuchyn\u011b. V l\u00e9t\u011b si na ni m\u016f\u017eete na z\u00e1pra\u017e\u00ed vychutnat k\u00e1vu nebo sledovat<\/p>\n","protected":false},"featured_media":8774,"template":"","meta":[],"product_brand":[153],"product_cat":[91],"product_tag":[],"class_list":{"0":"post-8773","1":"product","2":"type-product","3":"status-publish","4":"has-post-thumbnail","6":"product_brand-eterle-cz","7":"product_cat-prodane","8":"product_shipping_class-nadrozmerne","10":"first","11":"outofstock","12":"purchasable","13":"product-type-simple"},"_links":{"self":[{"href":"https:\/\/eterle.cz\/eshop\/wp-json\/wp\/v2\/product\/8773","targetHints":{"allow":["GET"]}}],"collection":[{"href":"https:\/\/eterle.cz\/eshop\/wp-json\/wp\/v2\/product"}],"about":[{"href":"https:\/\/eterle.cz\/eshop\/wp-json\/wp\/v2\/types\/product"}],"version-history":[{"count":0,"href":"https:\/\/eterle.cz\/eshop\/wp-json\/wp\/v2\/product\/8773\/revisions"}],"wp:featuredmedia":[{"embeddable":true,"href":"https:\/\/eterle.cz\/eshop\/wp-json\/wp\/v2\/media\/8774"}],"wp:attachment":[{"href":"https:\/\/eterle.cz\/eshop\/wp-json\/wp\/v2\/media?parent=8773"}],"wp:term":[{"taxonomy":"product_brand","embeddable":true,"href":"https:\/\/eterle.cz\/eshop\/wp-json\/wp\/v2\/product_brand?post=8773"},{"taxonomy":"product_cat","embeddable":true,"href":"https:\/\/eterle.cz\/eshop\/wp-json\/wp\/v2\/product_cat?post=8773"},{"taxonomy":"product_tag","embeddable":true,"href":"https:\/\/eterle.cz\/eshop\/wp-json\/wp\/v2\/product_tag?post=8773"}],"curies":[{"name":"wp","href":"https:\/\/api.w.org\/{rel}","templated":true}]}}