{"id":8779,"date":"2022-04-19T23:17:43","date_gmt":"2022-04-19T21:17:43","guid":{"rendered":"https:\/\/eterle.cz\/eshop\/produkt\/sofa-cerne\/"},"modified":"2025-02-16T03:02:24","modified_gmt":"2025-02-16T02:02:24","slug":"sofa-cerne","status":"publish","type":"product","link":"https:\/\/eterle.cz\/eshop\/produkt\/sofa-cerne\/","title":{"rendered":"Sofa \u010dern\u00e9"},"content":{"rendered":"<p>Super hipstersk\u00fd gau\u010d v \u010dern\u00e9 ko\u017eence, kter\u00fd lze rozlo\u017eit na d\u011btsk\u00e9 p\u0159esp\u00e1va\u010dky (maxim\u00e1ln\u00ed vnit\u0159n\u00ed d\u00e9lka p\u0159 rozlo\u017een\u00ed je 150 cm).<\/p>\n<p>Stav: zachoval\u00fd p\u016fvodn\u00ed stav. Po rozlo\u017een\u00ed prav\u00e1 strana perfektn\u00ed, lev\u00e1 trhlina ve \u0161vu. Ko\u017eenka na jednom m\u00edst\u011b drobn\u00e1 z\u00e1plata (viz foto) a na jednom m\u00edst\u011b nepatrn\u011b pro\u0159\u00edzl\u00e1.<br \/>\nRozm\u011br<br \/>\n\u0160\u00ed\u0159ka cel\u00e1: 185<br \/>\n\u0160\u00ed\u0159ka vnit\u0159n\u00ed: 165 cm<br \/>\nHloubka: 87 cm<br \/>\nHloubka rozlo\u017een\u00e9ho (vnit\u0159n\u00ed \u010d\u00e1st): 150 cm<br \/>\nV\u00fd\u0161ka: 85 cm<\/p>\n","protected":false},"excerpt":{"rendered":"<p>Super hipstersk\u00fd gau\u010d v \u010dern\u00e9 ko\u017eence, kter\u00fd lze rozlo\u017eit na d\u011btsk\u00e9 p\u0159esp\u00e1va\u010dky (maxim\u00e1ln\u00ed vnit\u0159n\u00ed d\u00e9lka p\u0159 rozlo\u017een\u00ed je 150 cm).<\/p>\n","protected":false},"featured_media":8838,"template":"","meta":[],"product_brand":[153],"product_cat":[91],"product_tag":[],"class_list":{"0":"post-8779","1":"product","2":"type-product","3":"status-publish","4":"has-post-thumbnail","6":"product_brand-eterle-cz","7":"product_cat-prodane","8":"product_shipping_class-nadrozmerne","10":"first","11":"outofstock","12":"purchasable","13":"product-type-simple"},"_links":{"self":[{"href":"https:\/\/eterle.cz\/eshop\/wp-json\/wp\/v2\/product\/8779","targetHints":{"allow":["GET"]}}],"collection":[{"href":"https:\/\/eterle.cz\/eshop\/wp-json\/wp\/v2\/product"}],"about":[{"href":"https:\/\/eterle.cz\/eshop\/wp-json\/wp\/v2\/types\/product"}],"version-history":[{"count":0,"href":"https:\/\/eterle.cz\/eshop\/wp-json\/wp\/v2\/product\/8779\/revisions"}],"wp:featuredmedia":[{"embeddable":true,"href":"https:\/\/eterle.cz\/eshop\/wp-json\/wp\/v2\/media\/8838"}],"wp:attachment":[{"href":"https:\/\/eterle.cz\/eshop\/wp-json\/wp\/v2\/media?parent=8779"}],"wp:term":[{"taxonomy":"product_brand","embeddable":true,"href":"https:\/\/eterle.cz\/eshop\/wp-json\/wp\/v2\/product_brand?post=8779"},{"taxonomy":"product_cat","embeddable":true,"href":"https:\/\/eterle.cz\/eshop\/wp-json\/wp\/v2\/product_cat?post=8779"},{"taxonomy":"product_tag","embeddable":true,"href":"https:\/\/eterle.cz\/eshop\/wp-json\/wp\/v2\/product_tag?post=8779"}],"curies":[{"name":"wp","href":"https:\/\/api.w.org\/{rel}","templated":true}]}}