{"id":8786,"date":"2022-04-19T23:18:01","date_gmt":"2022-04-19T21:18:01","guid":{"rendered":"https:\/\/eterle.cz\/eshop\/produkt\/lenoska-uluv\/"},"modified":"2025-02-16T03:02:24","modified_gmt":"2025-02-16T02:02:24","slug":"lenoska-uluv","status":"publish","type":"product","link":"https:\/\/eterle.cz\/eshop\/produkt\/lenoska-uluv\/","title":{"rendered":"Leno\u0161ka \u00daLUV"},"content":{"rendered":"<p>Nad\u010dasov\u00e1 minimalistick\u00e1 leno\u0161ka \u00daLUV, kter\u00e1 zaujme sv\u00fdm tvarem. Nen\u00ed naprosto rovn\u00e1, ale je m\u00edrn\u011b zvednut\u00e1 v \u00farovni hlavy.<\/p>\n<p>Stav: dobr\u00fd p\u016fvodn\u00ed stav<br \/>\nRozm\u011br<br \/>\nD\u00e9lka: 200 cm<br \/>\nHloubka: 90 cm<br \/>\nV\u00fd\u0161ka: 50 cm<\/p>\n","protected":false},"excerpt":{"rendered":"<p>Nad\u010dasov\u00e1 minimalistick\u00e1 leno\u0161ka \u00daLUV, kter\u00e1 zaujme sv\u00fdm tvarem. Nen\u00ed naprosto rovn\u00e1, ale je m\u00edrn\u011b zvednut\u00e1 v \u00farovni hlavy. Stav: dobr\u00fd<\/p>\n","protected":false},"featured_media":8787,"template":"","meta":[],"product_brand":[153],"product_cat":[91],"product_tag":[],"class_list":{"0":"post-8786","1":"product","2":"type-product","3":"status-publish","4":"has-post-thumbnail","6":"product_brand-eterle-cz","7":"product_cat-prodane","8":"product_shipping_class-nadrozmerne","10":"first","11":"outofstock","12":"purchasable","13":"product-type-simple"},"_links":{"self":[{"href":"https:\/\/eterle.cz\/eshop\/wp-json\/wp\/v2\/product\/8786","targetHints":{"allow":["GET"]}}],"collection":[{"href":"https:\/\/eterle.cz\/eshop\/wp-json\/wp\/v2\/product"}],"about":[{"href":"https:\/\/eterle.cz\/eshop\/wp-json\/wp\/v2\/types\/product"}],"version-history":[{"count":0,"href":"https:\/\/eterle.cz\/eshop\/wp-json\/wp\/v2\/product\/8786\/revisions"}],"wp:featuredmedia":[{"embeddable":true,"href":"https:\/\/eterle.cz\/eshop\/wp-json\/wp\/v2\/media\/8787"}],"wp:attachment":[{"href":"https:\/\/eterle.cz\/eshop\/wp-json\/wp\/v2\/media?parent=8786"}],"wp:term":[{"taxonomy":"product_brand","embeddable":true,"href":"https:\/\/eterle.cz\/eshop\/wp-json\/wp\/v2\/product_brand?post=8786"},{"taxonomy":"product_cat","embeddable":true,"href":"https:\/\/eterle.cz\/eshop\/wp-json\/wp\/v2\/product_cat?post=8786"},{"taxonomy":"product_tag","embeddable":true,"href":"https:\/\/eterle.cz\/eshop\/wp-json\/wp\/v2\/product_tag?post=8786"}],"curies":[{"name":"wp","href":"https:\/\/api.w.org\/{rel}","templated":true}]}}