{"id":8790,"date":"2022-04-19T23:18:12","date_gmt":"2022-04-19T21:18:12","guid":{"rendered":"https:\/\/eterle.cz\/eshop\/produkt\/lustr-talir-inva\/"},"modified":"2025-02-16T03:02:23","modified_gmt":"2025-02-16T02:02:23","slug":"lustr-talir-inva","status":"publish","type":"product","link":"https:\/\/eterle.cz\/eshop\/produkt\/lustr-talir-inva\/","title":{"rendered":"Lustr tal\u00ed\u0159 \/ Inva"},"content":{"rendered":"<p>Retro lustr &#8222;tal\u00ed\u0159&#8220; v bruselsk\u00e9m stylu z 60 let. Sklen\u011bn\u00e9 st\u00ednidlo s motivem slune\u010dnice v kombinaci s hlin\u00edkovou ty\u010d\u00ed. 250 V, 3 x 40 W<\/p>\n<p>Stav: funk\u010dn\u00ed, elektroinstalace p\u016fvodn\u00ed. Zachoval\u00fd p\u016fvodn\u00ed stav.<br \/>\nZna\u010dka: Inva, Litom\u011b\u0159ice<br \/>\nRozm\u011br<br \/>\nPr\u016fm\u011br: 55 cm<br \/>\nV\u00fd\u0161ka: 44 cm<\/p>\n","protected":false},"excerpt":{"rendered":"<p>Retro lustr &#8222;tal\u00ed\u0159&#8220; v bruselsk\u00e9m stylu z 60 let. Sklen\u011bn\u00e9 st\u00ednidlo s motivem slune\u010dnice v kombinaci s hlin\u00edkovou ty\u010d\u00ed. 250<\/p>\n","protected":false},"featured_media":8791,"template":"","meta":[],"product_brand":[153],"product_cat":[91],"product_tag":[],"class_list":{"0":"post-8790","1":"product","2":"type-product","3":"status-publish","4":"has-post-thumbnail","6":"product_brand-eterle-cz","7":"product_cat-prodane","8":"product_shipping_class-nadrozmerne","10":"first","11":"outofstock","12":"purchasable","13":"product-type-simple"},"_links":{"self":[{"href":"https:\/\/eterle.cz\/eshop\/wp-json\/wp\/v2\/product\/8790","targetHints":{"allow":["GET"]}}],"collection":[{"href":"https:\/\/eterle.cz\/eshop\/wp-json\/wp\/v2\/product"}],"about":[{"href":"https:\/\/eterle.cz\/eshop\/wp-json\/wp\/v2\/types\/product"}],"version-history":[{"count":0,"href":"https:\/\/eterle.cz\/eshop\/wp-json\/wp\/v2\/product\/8790\/revisions"}],"wp:featuredmedia":[{"embeddable":true,"href":"https:\/\/eterle.cz\/eshop\/wp-json\/wp\/v2\/media\/8791"}],"wp:attachment":[{"href":"https:\/\/eterle.cz\/eshop\/wp-json\/wp\/v2\/media?parent=8790"}],"wp:term":[{"taxonomy":"product_brand","embeddable":true,"href":"https:\/\/eterle.cz\/eshop\/wp-json\/wp\/v2\/product_brand?post=8790"},{"taxonomy":"product_cat","embeddable":true,"href":"https:\/\/eterle.cz\/eshop\/wp-json\/wp\/v2\/product_cat?post=8790"},{"taxonomy":"product_tag","embeddable":true,"href":"https:\/\/eterle.cz\/eshop\/wp-json\/wp\/v2\/product_tag?post=8790"}],"curies":[{"name":"wp","href":"https:\/\/api.w.org\/{rel}","templated":true}]}}