{"id":8800,"date":"2022-04-19T23:18:41","date_gmt":"2022-04-19T21:18:41","guid":{"rendered":"https:\/\/eterle.cz\/eshop\/produkt\/detsky-lustr-2\/"},"modified":"2025-02-16T03:02:23","modified_gmt":"2025-02-16T02:02:23","slug":"detsky-lustr-2","status":"publish","type":"product","link":"https:\/\/eterle.cz\/eshop\/produkt\/detsky-lustr-2\/","title":{"rendered":"D\u011btsk\u00fd lustr"},"content":{"rendered":"<p>Retro lustr do d\u011btsk\u00e9ho pokoj\u00ed\u010dku pro hol\u010di\u010dku nebo chlape\u010dka. Obr\u00e1zek pejska a ko\u010di\u010dky jist\u011b ud\u011bl\u00e1 radost ka\u017ed\u00e9mu d\u00edt\u011bti do sedmi let.<\/p>\n<p>Stav: funk\u010dn\u00ed, elektroinstalace p\u016fvodn\u00ed.<br \/>\nRozm\u011br<br \/>\nPr\u016fm\u011br: 20 cm<br \/>\nV\u00fd\u0161ka st\u00ednidla: 22cm<br \/>\nV\u00fd\u0161ka celkem: 54 cm<\/p>\n","protected":false},"excerpt":{"rendered":"<p>Retro lustr do d\u011btsk\u00e9ho pokoj\u00ed\u010dku pro hol\u010di\u010dku nebo chlape\u010dka. Obr\u00e1zek pejska a ko\u010di\u010dky jist\u011b ud\u011bl\u00e1 radost ka\u017ed\u00e9mu d\u00edt\u011bti do sedmi<\/p>\n","protected":false},"featured_media":8801,"template":"","meta":[],"product_brand":[153],"product_cat":[91],"product_tag":[],"class_list":{"0":"post-8800","1":"product","2":"type-product","3":"status-publish","4":"has-post-thumbnail","6":"product_brand-eterle-cz","7":"product_cat-prodane","8":"product_shipping_class-nadrozmerne","10":"first","11":"outofstock","12":"purchasable","13":"product-type-simple"},"_links":{"self":[{"href":"https:\/\/eterle.cz\/eshop\/wp-json\/wp\/v2\/product\/8800","targetHints":{"allow":["GET"]}}],"collection":[{"href":"https:\/\/eterle.cz\/eshop\/wp-json\/wp\/v2\/product"}],"about":[{"href":"https:\/\/eterle.cz\/eshop\/wp-json\/wp\/v2\/types\/product"}],"version-history":[{"count":0,"href":"https:\/\/eterle.cz\/eshop\/wp-json\/wp\/v2\/product\/8800\/revisions"}],"wp:featuredmedia":[{"embeddable":true,"href":"https:\/\/eterle.cz\/eshop\/wp-json\/wp\/v2\/media\/8801"}],"wp:attachment":[{"href":"https:\/\/eterle.cz\/eshop\/wp-json\/wp\/v2\/media?parent=8800"}],"wp:term":[{"taxonomy":"product_brand","embeddable":true,"href":"https:\/\/eterle.cz\/eshop\/wp-json\/wp\/v2\/product_brand?post=8800"},{"taxonomy":"product_cat","embeddable":true,"href":"https:\/\/eterle.cz\/eshop\/wp-json\/wp\/v2\/product_cat?post=8800"},{"taxonomy":"product_tag","embeddable":true,"href":"https:\/\/eterle.cz\/eshop\/wp-json\/wp\/v2\/product_tag?post=8800"}],"curies":[{"name":"wp","href":"https:\/\/api.w.org\/{rel}","templated":true}]}}