{"id":8812,"date":"2022-04-19T23:19:13","date_gmt":"2022-04-19T21:19:13","guid":{"rendered":"https:\/\/eterle.cz\/eshop\/produkt\/lustr-zvon-eterle-2\/"},"modified":"2025-02-16T03:02:22","modified_gmt":"2025-02-16T02:02:22","slug":"lustr-zvon-eterle-2","status":"publish","type":"product","link":"https:\/\/eterle.cz\/eshop\/produkt\/lustr-zvon-eterle-2\/","title":{"rendered":"Lustr zvon \/ Eterle"},"content":{"rendered":"<p>Sv\u011btlo ve tvaru zvonu v leskl\u00e9 b\u00edl\u00e9 a st\u0159\u00edbrn\u00e9 barv\u011b m\u00e1 r\u00e1z industri\u00e1ln\u00edho sv\u011btla, ale v m\u00e9n\u011b mohutn\u00e9 podob\u011b ne\u017e je b\u011b\u017en\u00e9 u star\u00fdch sv\u011btel tohoto typu. Vnit\u0159ek sv\u011btla je zbrou\u0161en do tvaru v\u010del\u00fdch pl\u00e1stv\u00ed. Na sv\u016fj rozm\u011br p\u0159ekvap\u00ed lehkost\u00ed.<\/p>\n<p>Na vy\u017e\u00e1d\u00e1n\u00ed mo\u017eno vyrobit ve v\u00edce kusech t\u0159eba do baru \u010di kav\u00e1rny. K dost\u00e1n\u00ed tak\u00e9 v \u010dern\u00e9 \u010di zlat\u00e9 barv\u011b.<\/p>\n<p>Stav: nov\u00fd<br \/>\nZna\u010dka: Eterle<br \/>\nRozm\u011br<br \/>\nD\u00e9lka: nastaviteln\u00e1<br \/>\nPr\u016fm\u011br: 54 cm<br \/>\nV\u00fd\u0161ka st\u00ednidla: 37 cm<\/p>\n","protected":false},"excerpt":{"rendered":"<p>Sv\u011btlo ve tvaru zvonu v leskl\u00e9 b\u00edl\u00e9 a st\u0159\u00edbrn\u00e9 barv\u011b m\u00e1 r\u00e1z industri\u00e1ln\u00edho sv\u011btla, ale v m\u00e9n\u011b mohutn\u00e9 podob\u011b ne\u017e<\/p>\n","protected":false},"featured_media":8813,"template":"","meta":[],"product_brand":[153],"product_cat":[91],"product_tag":[],"class_list":{"0":"post-8812","1":"product","2":"type-product","3":"status-publish","4":"has-post-thumbnail","6":"product_brand-eterle-cz","7":"product_cat-prodane","8":"product_shipping_class-nadrozmerne","10":"first","11":"outofstock","12":"purchasable","13":"product-type-simple"},"_links":{"self":[{"href":"https:\/\/eterle.cz\/eshop\/wp-json\/wp\/v2\/product\/8812","targetHints":{"allow":["GET"]}}],"collection":[{"href":"https:\/\/eterle.cz\/eshop\/wp-json\/wp\/v2\/product"}],"about":[{"href":"https:\/\/eterle.cz\/eshop\/wp-json\/wp\/v2\/types\/product"}],"version-history":[{"count":0,"href":"https:\/\/eterle.cz\/eshop\/wp-json\/wp\/v2\/product\/8812\/revisions"}],"wp:featuredmedia":[{"embeddable":true,"href":"https:\/\/eterle.cz\/eshop\/wp-json\/wp\/v2\/media\/8813"}],"wp:attachment":[{"href":"https:\/\/eterle.cz\/eshop\/wp-json\/wp\/v2\/media?parent=8812"}],"wp:term":[{"taxonomy":"product_brand","embeddable":true,"href":"https:\/\/eterle.cz\/eshop\/wp-json\/wp\/v2\/product_brand?post=8812"},{"taxonomy":"product_cat","embeddable":true,"href":"https:\/\/eterle.cz\/eshop\/wp-json\/wp\/v2\/product_cat?post=8812"},{"taxonomy":"product_tag","embeddable":true,"href":"https:\/\/eterle.cz\/eshop\/wp-json\/wp\/v2\/product_tag?post=8812"}],"curies":[{"name":"wp","href":"https:\/\/api.w.org\/{rel}","templated":true}]}}