{"id":8818,"date":"2022-04-19T23:19:33","date_gmt":"2022-04-19T21:19:33","guid":{"rendered":"https:\/\/eterle.cz\/eshop\/produkt\/skleneni-lustr\/"},"modified":"2025-02-16T03:02:22","modified_gmt":"2025-02-16T02:02:22","slug":"skleneni-lustr","status":"publish","type":"product","link":"https:\/\/eterle.cz\/eshop\/produkt\/skleneni-lustr\/","title":{"rendered":"Sklen\u011bn\u00ed lustr"},"content":{"rendered":"<p>\u0160estiramenn\u00fd celosklen\u011bn\u00fd lustr v kombinaci \u010dir\u00e9ho a p\u00edskovan\u00e9ho skla. \u0160est esovit\u011b tvarovan\u00fdch ramen, nesouc\u00edch st\u00ednidla (misky) ve tvaru kv\u011btu lili\u00ed. \u010ceskoslovensko 1920 &#8211; 1940. 6 x 40 W, 250 V<\/p>\n<p>Stav: funk\u010dn\u00ed, elektroinstalace p\u016fvodn\u00ed.<br \/>\nRozm\u011br<br \/>\nPr\u016fm\u011br: 71 cm<br \/>\nV\u00fd\u0161ka: 58 cm<\/p>\n","protected":false},"excerpt":{"rendered":"<p>\u0160estiramenn\u00fd celosklen\u011bn\u00fd lustr v kombinaci \u010dir\u00e9ho a p\u00edskovan\u00e9ho skla. \u0160est esovit\u011b tvarovan\u00fdch ramen, nesouc\u00edch st\u00ednidla (misky) ve tvaru kv\u011btu lili\u00ed.<\/p>\n","protected":false},"featured_media":8819,"template":"","meta":[],"product_brand":[153],"product_cat":[91],"product_tag":[],"class_list":{"0":"post-8818","1":"product","2":"type-product","3":"status-publish","4":"has-post-thumbnail","6":"product_brand-eterle-cz","7":"product_cat-prodane","8":"product_shipping_class-nadrozmerne","10":"first","11":"outofstock","12":"purchasable","13":"product-type-simple"},"_links":{"self":[{"href":"https:\/\/eterle.cz\/eshop\/wp-json\/wp\/v2\/product\/8818","targetHints":{"allow":["GET"]}}],"collection":[{"href":"https:\/\/eterle.cz\/eshop\/wp-json\/wp\/v2\/product"}],"about":[{"href":"https:\/\/eterle.cz\/eshop\/wp-json\/wp\/v2\/types\/product"}],"version-history":[{"count":0,"href":"https:\/\/eterle.cz\/eshop\/wp-json\/wp\/v2\/product\/8818\/revisions"}],"wp:featuredmedia":[{"embeddable":true,"href":"https:\/\/eterle.cz\/eshop\/wp-json\/wp\/v2\/media\/8819"}],"wp:attachment":[{"href":"https:\/\/eterle.cz\/eshop\/wp-json\/wp\/v2\/media?parent=8818"}],"wp:term":[{"taxonomy":"product_brand","embeddable":true,"href":"https:\/\/eterle.cz\/eshop\/wp-json\/wp\/v2\/product_brand?post=8818"},{"taxonomy":"product_cat","embeddable":true,"href":"https:\/\/eterle.cz\/eshop\/wp-json\/wp\/v2\/product_cat?post=8818"},{"taxonomy":"product_tag","embeddable":true,"href":"https:\/\/eterle.cz\/eshop\/wp-json\/wp\/v2\/product_tag?post=8818"}],"curies":[{"name":"wp","href":"https:\/\/api.w.org\/{rel}","templated":true}]}}