{"id":8825,"date":"2022-04-19T23:19:52","date_gmt":"2022-04-19T21:19:52","guid":{"rendered":"https:\/\/eterle.cz\/eshop\/produkt\/triramenny-lustr\/"},"modified":"2025-06-24T01:51:44","modified_gmt":"2025-06-23T23:51:44","slug":"triramenny-lustr","status":"publish","type":"product","link":"https:\/\/eterle.cz\/eshop\/produkt\/triramenny-lustr\/","title":{"rendered":"T\u0159\u00edramenn\u00fd lustr"},"content":{"rendered":"<p>Subtln\u00ed t\u0159\u00edramenn\u00fd lustr se sklen\u011bn\u00fdmi st\u00ednidly a zlat\u00fdmi detaily je velmi n\u011b\u017en\u00fd a um\u00edme si ho p\u0159edstavit t\u0159eba v pokoji mlad\u00e9 sle\u010dny. 3 x 40 W, 250 V<\/p>\n<p>Stav: funk\u010dn\u00ed, elektroinstalace p\u016fvodn\u00ed. Dobr\u00fd p\u016fvodn\u00ed stav, zlat\u00e9 \u010d\u00e1sti nepatrn\u00e1 patina.<br \/>\nRozm\u011br<br \/>\n\u0160\u00ed\u0159ka: 60 cm<br \/>\nV\u00fd\u0161ka: 72 cm<\/p>\n","protected":false},"excerpt":{"rendered":"<p>Subtln\u00ed t\u0159\u00edramenn\u00fd lustr se sklen\u011bn\u00fdmi st\u00ednidly a zlat\u00fdmi detaily je velmi n\u011b\u017en\u00fd a um\u00edme si ho p\u0159edstavit t\u0159eba v pokoji<\/p>\n","protected":false},"featured_media":8826,"template":"","meta":[],"product_brand":[153],"product_cat":[79,140],"product_tag":[],"class_list":{"0":"post-8825","1":"product","2":"type-product","3":"status-publish","4":"has-post-thumbnail","6":"product_brand-eterle-cz","7":"product_cat-svetla","8":"product_cat-lustry","9":"product_shipping_class-nadrozmerne","11":"first","12":"instock","13":"purchasable","14":"product-type-simple"},"_links":{"self":[{"href":"https:\/\/eterle.cz\/eshop\/wp-json\/wp\/v2\/product\/8825","targetHints":{"allow":["GET"]}}],"collection":[{"href":"https:\/\/eterle.cz\/eshop\/wp-json\/wp\/v2\/product"}],"about":[{"href":"https:\/\/eterle.cz\/eshop\/wp-json\/wp\/v2\/types\/product"}],"version-history":[{"count":1,"href":"https:\/\/eterle.cz\/eshop\/wp-json\/wp\/v2\/product\/8825\/revisions"}],"predecessor-version":[{"id":26081,"href":"https:\/\/eterle.cz\/eshop\/wp-json\/wp\/v2\/product\/8825\/revisions\/26081"}],"wp:featuredmedia":[{"embeddable":true,"href":"https:\/\/eterle.cz\/eshop\/wp-json\/wp\/v2\/media\/8826"}],"wp:attachment":[{"href":"https:\/\/eterle.cz\/eshop\/wp-json\/wp\/v2\/media?parent=8825"}],"wp:term":[{"taxonomy":"product_brand","embeddable":true,"href":"https:\/\/eterle.cz\/eshop\/wp-json\/wp\/v2\/product_brand?post=8825"},{"taxonomy":"product_cat","embeddable":true,"href":"https:\/\/eterle.cz\/eshop\/wp-json\/wp\/v2\/product_cat?post=8825"},{"taxonomy":"product_tag","embeddable":true,"href":"https:\/\/eterle.cz\/eshop\/wp-json\/wp\/v2\/product_tag?post=8825"}],"curies":[{"name":"wp","href":"https:\/\/api.w.org\/{rel}","templated":true}]}}