{"id":8833,"date":"2022-04-19T23:20:13","date_gmt":"2022-04-19T21:20:13","guid":{"rendered":"https:\/\/eterle.cz\/eshop\/produkt\/lustr-z-opaloveho-skla\/"},"modified":"2025-02-16T03:02:21","modified_gmt":"2025-02-16T02:02:21","slug":"lustr-z-opaloveho-skla","status":"publish","type":"product","link":"https:\/\/eterle.cz\/eshop\/produkt\/lustr-z-opaloveho-skla\/","title":{"rendered":"Lustr z op\u00e1lov\u00e9ho skla"},"content":{"rendered":"<p>Sklen\u011bn\u00fd retro lustr z op\u00e1lov\u00e9ho skla, typick\u00fd sv\u00fdmi tvary a zbarven\u00edm pro tehdej\u0161\u00ed bruselskou \u00e9ru. Poch\u00e1z\u00ed z 60.-70. letech minul\u00e9ho stolet\u00ed. Lustr je vyroben\u00fd z dvouvrstv\u00e9ho skla, kde vnit\u0159n\u00ed \u010d\u00e1st tvo\u0159\u00ed b\u00edl\u00e9 a vn\u011bj\u0161\u00ed \u010d\u00e1st syt\u011b oran\u017eov\u00e9 sklo.<\/p>\n<p>Stav: funk\u010dn\u00ed, elektroinstalace p\u016fvodn\u00ed.<br \/>\nRozm\u011br<br \/>\nPr\u016fm\u011br: 24 cm<br \/>\nV\u00fd\u0161ka: 28 cm + 30 cm kabel<\/p>\n","protected":false},"excerpt":{"rendered":"<p>Sklen\u011bn\u00fd retro lustr z op\u00e1lov\u00e9ho skla, typick\u00fd sv\u00fdmi tvary a zbarven\u00edm pro tehdej\u0161\u00ed bruselskou \u00e9ru. Poch\u00e1z\u00ed z 60.-70. letech minul\u00e9ho<\/p>\n","protected":false},"featured_media":8834,"template":"","meta":[],"product_brand":[153],"product_cat":[91],"product_tag":[],"class_list":{"0":"post-8833","1":"product","2":"type-product","3":"status-publish","4":"has-post-thumbnail","6":"product_brand-eterle-cz","7":"product_cat-prodane","8":"product_shipping_class-nadrozmerne","10":"first","11":"outofstock","12":"purchasable","13":"product-type-simple"},"_links":{"self":[{"href":"https:\/\/eterle.cz\/eshop\/wp-json\/wp\/v2\/product\/8833","targetHints":{"allow":["GET"]}}],"collection":[{"href":"https:\/\/eterle.cz\/eshop\/wp-json\/wp\/v2\/product"}],"about":[{"href":"https:\/\/eterle.cz\/eshop\/wp-json\/wp\/v2\/types\/product"}],"version-history":[{"count":0,"href":"https:\/\/eterle.cz\/eshop\/wp-json\/wp\/v2\/product\/8833\/revisions"}],"wp:featuredmedia":[{"embeddable":true,"href":"https:\/\/eterle.cz\/eshop\/wp-json\/wp\/v2\/media\/8834"}],"wp:attachment":[{"href":"https:\/\/eterle.cz\/eshop\/wp-json\/wp\/v2\/media?parent=8833"}],"wp:term":[{"taxonomy":"product_brand","embeddable":true,"href":"https:\/\/eterle.cz\/eshop\/wp-json\/wp\/v2\/product_brand?post=8833"},{"taxonomy":"product_cat","embeddable":true,"href":"https:\/\/eterle.cz\/eshop\/wp-json\/wp\/v2\/product_cat?post=8833"},{"taxonomy":"product_tag","embeddable":true,"href":"https:\/\/eterle.cz\/eshop\/wp-json\/wp\/v2\/product_tag?post=8833"}],"curies":[{"name":"wp","href":"https:\/\/api.w.org\/{rel}","templated":true}]}}