{"id":9279,"date":"2022-07-11T22:21:48","date_gmt":"2022-07-11T20:21:48","guid":{"rendered":"https:\/\/eterle.cz\/eshop\/produkt\/obal-na-kvetinac\/"},"modified":"2025-02-16T03:02:18","modified_gmt":"2025-02-16T02:02:18","slug":"obal-na-kvetinac","status":"publish","type":"product","link":"https:\/\/eterle.cz\/eshop\/produkt\/obal-na-kvetinac\/","title":{"rendered":"Obal na kv\u011btin\u00e1\u010d"},"content":{"rendered":"<p>Luxusn\u00ed proveden\u00ed mosazn\u00e9ho obalu na kv\u011btin\u00e1\u010d v dekoru imituj\u00edc\u00edm smaragdov\u011b zelenou had\u00ed k\u016f\u017ei.<\/p>\n<p>Stav: nov\u00fd<br \/>\nRozm\u011br<br \/>\nHorn\u00ed pr\u016fm\u011br: 20 cm<br \/>\nDoln\u00ed pr\u016fm\u011br: 13,5 cm<br \/>\nV\u00fd\u0161ka: 17,5 cm<\/p>\n","protected":false},"excerpt":{"rendered":"<p>Luxusn\u00ed proveden\u00ed mosazn\u00e9ho obalu na kv\u011btin\u00e1\u010d v dekoru imituj\u00edc\u00edm smaragdov\u011b zelenou had\u00ed k\u016f\u017ei. Stav: nov\u00fd Rozm\u011br Horn\u00ed pr\u016fm\u011br: 20 cm<\/p>\n","protected":false},"featured_media":9280,"template":"","meta":[],"product_brand":[153],"product_cat":[91],"product_tag":[],"class_list":{"0":"post-9279","1":"product","2":"type-product","3":"status-publish","4":"has-post-thumbnail","6":"product_brand-eterle-cz","7":"product_cat-prodane","9":"first","10":"outofstock","11":"purchasable","12":"product-type-simple"},"_links":{"self":[{"href":"https:\/\/eterle.cz\/eshop\/wp-json\/wp\/v2\/product\/9279","targetHints":{"allow":["GET"]}}],"collection":[{"href":"https:\/\/eterle.cz\/eshop\/wp-json\/wp\/v2\/product"}],"about":[{"href":"https:\/\/eterle.cz\/eshop\/wp-json\/wp\/v2\/types\/product"}],"version-history":[{"count":0,"href":"https:\/\/eterle.cz\/eshop\/wp-json\/wp\/v2\/product\/9279\/revisions"}],"wp:featuredmedia":[{"embeddable":true,"href":"https:\/\/eterle.cz\/eshop\/wp-json\/wp\/v2\/media\/9280"}],"wp:attachment":[{"href":"https:\/\/eterle.cz\/eshop\/wp-json\/wp\/v2\/media?parent=9279"}],"wp:term":[{"taxonomy":"product_brand","embeddable":true,"href":"https:\/\/eterle.cz\/eshop\/wp-json\/wp\/v2\/product_brand?post=9279"},{"taxonomy":"product_cat","embeddable":true,"href":"https:\/\/eterle.cz\/eshop\/wp-json\/wp\/v2\/product_cat?post=9279"},{"taxonomy":"product_tag","embeddable":true,"href":"https:\/\/eterle.cz\/eshop\/wp-json\/wp\/v2\/product_tag?post=9279"}],"curies":[{"name":"wp","href":"https:\/\/api.w.org\/{rel}","templated":true}]}}