{"id":9364,"date":"2022-07-11T22:22:59","date_gmt":"2022-07-11T20:22:59","guid":{"rendered":"https:\/\/eterle.cz\/eshop\/produkt\/hrnecek-s-podsalkem-setmann-weiden\/"},"modified":"2025-02-16T03:02:18","modified_gmt":"2025-02-16T02:02:18","slug":"hrnecek-s-podsalkem-setmann-weiden","status":"publish","type":"product","link":"https:\/\/eterle.cz\/eshop\/produkt\/hrnecek-s-podsalkem-setmann-weiden\/","title":{"rendered":"Hrne\u010dek s pod\u0161\u00e1lkem \/ Setmann Weiden"},"content":{"rendered":"<p>Hrne\u010dek na \u010daj je sice od n\u011bmeck\u00e9 porcel\u00e1nky Seltmann Weiden, ale zdoben je tradi\u010dn\u00edm anglick\u00fdm vzorem. Sada je zdobena nejen kresbou, ale i samotn\u00fd porcel\u00e1n je prolamovan\u00fd. Hrne\u010dek je nav\u00edc dekorov\u00e1n i uvnit\u0159.<\/p>\n<p>Stav: velmi dobr\u00fd<br \/>\nZna\u010dka: Seltmann Weiden<br \/>\nRozm\u011br<br \/>\nObjem: 160 ml<br \/>\nPr\u016fm\u011br pod\u0161\u00e1lku: 14 cm<\/p>\n","protected":false},"excerpt":{"rendered":"<p>Hrne\u010dek na \u010daj je sice od n\u011bmeck\u00e9 porcel\u00e1nky Seltmann Weiden, ale zdoben je tradi\u010dn\u00edm anglick\u00fdm vzorem. Sada je zdobena nejen<\/p>\n","protected":false},"featured_media":9365,"template":"","meta":[],"product_brand":[153],"product_cat":[91],"product_tag":[],"class_list":{"0":"post-9364","1":"product","2":"type-product","3":"status-publish","4":"has-post-thumbnail","6":"product_brand-eterle-cz","7":"product_cat-prodane","9":"first","10":"outofstock","11":"purchasable","12":"product-type-simple"},"_links":{"self":[{"href":"https:\/\/eterle.cz\/eshop\/wp-json\/wp\/v2\/product\/9364","targetHints":{"allow":["GET"]}}],"collection":[{"href":"https:\/\/eterle.cz\/eshop\/wp-json\/wp\/v2\/product"}],"about":[{"href":"https:\/\/eterle.cz\/eshop\/wp-json\/wp\/v2\/types\/product"}],"version-history":[{"count":0,"href":"https:\/\/eterle.cz\/eshop\/wp-json\/wp\/v2\/product\/9364\/revisions"}],"wp:featuredmedia":[{"embeddable":true,"href":"https:\/\/eterle.cz\/eshop\/wp-json\/wp\/v2\/media\/9365"}],"wp:attachment":[{"href":"https:\/\/eterle.cz\/eshop\/wp-json\/wp\/v2\/media?parent=9364"}],"wp:term":[{"taxonomy":"product_brand","embeddable":true,"href":"https:\/\/eterle.cz\/eshop\/wp-json\/wp\/v2\/product_brand?post=9364"},{"taxonomy":"product_cat","embeddable":true,"href":"https:\/\/eterle.cz\/eshop\/wp-json\/wp\/v2\/product_cat?post=9364"},{"taxonomy":"product_tag","embeddable":true,"href":"https:\/\/eterle.cz\/eshop\/wp-json\/wp\/v2\/product_tag?post=9364"}],"curies":[{"name":"wp","href":"https:\/\/api.w.org\/{rel}","templated":true}]}}