{"id":9402,"date":"2022-07-11T22:24:23","date_gmt":"2022-07-11T20:24:23","guid":{"rendered":"https:\/\/eterle.cz\/eshop\/produkt\/servirovaci-talir-epiag\/"},"modified":"2026-02-09T23:33:13","modified_gmt":"2026-02-09T22:33:13","slug":"servirovaci-talir-epiag","status":"publish","type":"product","link":"https:\/\/eterle.cz\/eshop\/produkt\/servirovaci-talir-epiag\/","title":{"rendered":"Serv\u00edrovac\u00ed tal\u00ed\u0159 \/ Epiag"},"content":{"rendered":"<p>Kr\u00e1sn\u00fd art deco serv\u00edrovac\u00ed tal\u00ed\u0159 v barv\u011b slonov\u00e9 kosti s geometrick\u00fdm vzorem. Na neobvyklosti dod\u00e1v\u00e1 tal\u00ed\u0159i plastick\u00e9 zdoben\u00ed po obvodu. Tal\u00ed\u0159 poch\u00e1z\u00ed z \u010desk\u00e9 porcel\u00e1nky Epiag, kter\u00e1 byla zalo\u017eena v roce 1918 a fungovala do roku 1997.<\/p>\n<p>Stav: dobr\u00fd, v ur\u010dit\u00e9m sv\u011btle m\u00edrn\u00e9 \u0161kr\u00e1bance od p\u0159\u00edboru, \u0161ed\u00e1 linak po okraji m\u00edsty vybledl\u00e1<br \/>\nZna\u010dka: Epiag<br \/>\nRozm\u011br<br \/>\nPr\u016fm\u011br: 30,5 cm<\/p>\n","protected":false},"excerpt":{"rendered":"<p>Kr\u00e1sn\u00fd art deco serv\u00edrovac\u00ed tal\u00ed\u0159 v barv\u011b slonov\u00e9 kosti s geometrick\u00fdm vzorem. Na neobvyklosti dod\u00e1v\u00e1 tal\u00ed\u0159i plastick\u00e9 zdoben\u00ed po obvodu.<\/p>\n","protected":false},"featured_media":9403,"template":"","meta":[],"product_brand":[153],"product_cat":[76,109],"product_tag":[],"class_list":{"0":"post-9402","1":"product","2":"type-product","3":"status-publish","4":"has-post-thumbnail","6":"product_brand-eterle-cz","7":"product_cat-porcelan","8":"product_cat-talire","10":"first","11":"instock","12":"purchasable","13":"product-type-simple"},"_links":{"self":[{"href":"https:\/\/eterle.cz\/eshop\/wp-json\/wp\/v2\/product\/9402","targetHints":{"allow":["GET"]}}],"collection":[{"href":"https:\/\/eterle.cz\/eshop\/wp-json\/wp\/v2\/product"}],"about":[{"href":"https:\/\/eterle.cz\/eshop\/wp-json\/wp\/v2\/types\/product"}],"version-history":[{"count":1,"href":"https:\/\/eterle.cz\/eshop\/wp-json\/wp\/v2\/product\/9402\/revisions"}],"predecessor-version":[{"id":26077,"href":"https:\/\/eterle.cz\/eshop\/wp-json\/wp\/v2\/product\/9402\/revisions\/26077"}],"wp:featuredmedia":[{"embeddable":true,"href":"https:\/\/eterle.cz\/eshop\/wp-json\/wp\/v2\/media\/9403"}],"wp:attachment":[{"href":"https:\/\/eterle.cz\/eshop\/wp-json\/wp\/v2\/media?parent=9402"}],"wp:term":[{"taxonomy":"product_brand","embeddable":true,"href":"https:\/\/eterle.cz\/eshop\/wp-json\/wp\/v2\/product_brand?post=9402"},{"taxonomy":"product_cat","embeddable":true,"href":"https:\/\/eterle.cz\/eshop\/wp-json\/wp\/v2\/product_cat?post=9402"},{"taxonomy":"product_tag","embeddable":true,"href":"https:\/\/eterle.cz\/eshop\/wp-json\/wp\/v2\/product_tag?post=9402"}],"curies":[{"name":"wp","href":"https:\/\/api.w.org\/{rel}","templated":true}]}}