{"id":9408,"date":"2022-07-11T22:25:17","date_gmt":"2022-07-11T20:25:17","guid":{"rendered":"https:\/\/eterle.cz\/eshop\/produkt\/misticky-furstenberg\/"},"modified":"2025-02-16T03:02:12","modified_gmt":"2025-02-16T02:02:12","slug":"misticky-furstenberg","status":"publish","type":"product","link":"https:\/\/eterle.cz\/eshop\/produkt\/misticky-furstenberg\/","title":{"rendered":"Misti\u010dka \/ F\u00fcrstenberg"},"content":{"rendered":"<p>Misti\u010dka poch\u00e1z\u00ed z n\u011bmeck\u00e9 porcel\u00e1nky F\u00fcrstenberg, kter\u00e1 letos oslavila 275 let (zalo\u017eena 11.1.1747) a jedn\u00e1 se o druhou nejstar\u0161\u00ed porcel\u00e1nku v N\u011bmecku. Miska s tal\u00ed\u0159kem maj\u00ed velmi modern\u00ed tvar i geometrick\u00fd dekor. Zaj\u00edmav\u00e1 je kombinace leskl\u00e9ho porcel\u00e1nu a matn\u00e9ho zdoben\u00ed. Jedn\u00e1 se sice o misku na buj\u00f3n, ale my bychom v n\u00ed vid\u011bly t\u0159eba m\u00fcsli.<\/p>\n<p>Stav: perfektn\u00ed<br \/>\nZna\u010dka: F\u00fcrstenberg<br \/>\nRozm\u011br<br \/>\nObjem: 200 ml<br \/>\nPr\u016fm\u011br tal\u00ed\u0159ku: 17 cm<\/p>\n","protected":false},"excerpt":{"rendered":"<p>Misti\u010dka poch\u00e1z\u00ed z n\u011bmeck\u00e9 porcel\u00e1nky F\u00fcrstenberg, kter\u00e1 letos oslavila 275 let (zalo\u017eena 11.1.1747) a jedn\u00e1 se o druhou nejstar\u0161\u00ed porcel\u00e1nku<\/p>\n","protected":false},"featured_media":9409,"template":"","meta":[],"product_brand":[153],"product_cat":[91],"product_tag":[],"class_list":{"0":"post-9408","1":"product","2":"type-product","3":"status-publish","4":"has-post-thumbnail","6":"product_brand-eterle-cz","7":"product_cat-prodane","9":"first","10":"outofstock","11":"purchasable","12":"product-type-simple"},"_links":{"self":[{"href":"https:\/\/eterle.cz\/eshop\/wp-json\/wp\/v2\/product\/9408","targetHints":{"allow":["GET"]}}],"collection":[{"href":"https:\/\/eterle.cz\/eshop\/wp-json\/wp\/v2\/product"}],"about":[{"href":"https:\/\/eterle.cz\/eshop\/wp-json\/wp\/v2\/types\/product"}],"version-history":[{"count":1,"href":"https:\/\/eterle.cz\/eshop\/wp-json\/wp\/v2\/product\/9408\/revisions"}],"predecessor-version":[{"id":11564,"href":"https:\/\/eterle.cz\/eshop\/wp-json\/wp\/v2\/product\/9408\/revisions\/11564"}],"wp:featuredmedia":[{"embeddable":true,"href":"https:\/\/eterle.cz\/eshop\/wp-json\/wp\/v2\/media\/9409"}],"wp:attachment":[{"href":"https:\/\/eterle.cz\/eshop\/wp-json\/wp\/v2\/media?parent=9408"}],"wp:term":[{"taxonomy":"product_brand","embeddable":true,"href":"https:\/\/eterle.cz\/eshop\/wp-json\/wp\/v2\/product_brand?post=9408"},{"taxonomy":"product_cat","embeddable":true,"href":"https:\/\/eterle.cz\/eshop\/wp-json\/wp\/v2\/product_cat?post=9408"},{"taxonomy":"product_tag","embeddable":true,"href":"https:\/\/eterle.cz\/eshop\/wp-json\/wp\/v2\/product_tag?post=9408"}],"curies":[{"name":"wp","href":"https:\/\/api.w.org\/{rel}","templated":true}]}}