{"id":9447,"date":"2022-07-11T22:26:16","date_gmt":"2022-07-11T20:26:16","guid":{"rendered":"https:\/\/eterle.cz\/eshop\/produkt\/sada-taliru-pro-4-czechoslovakia\/"},"modified":"2025-06-24T01:51:42","modified_gmt":"2025-06-23T23:51:42","slug":"sada-taliru-pro-4-czechoslovakia","status":"publish","type":"product","link":"https:\/\/eterle.cz\/eshop\/produkt\/sada-taliru-pro-4-czechoslovakia\/","title":{"rendered":"Sada tal\u00ed\u0159\u016f pro 4 \/ Czechoslovakia"},"content":{"rendered":"<p>Sada j\u00eddeln\u00edch a dezertn\u00edch tal\u00ed\u0159\u016f pro 4 osoby s \u017e\u00e1dan\u00fdm dekorem fialek, kter\u00e1 se hod\u00ed jak na chalupu tak do m\u011bstsk\u00e9ho bytu. Sp\u00ed\u0161e pro n\u011b\u017en\u00e9 du\u0161e.<\/p>\n<p>Stav: perfektn\u00ed (jeden dezertn\u00ed tal\u00ed\u0159ek mal\u00fd o\u0165uk ze spoda)<br \/>\nZna\u010dka: Czechoslovakia<br \/>\nRozm\u011br<br \/>\nPr\u016fm\u011br tal\u00ed\u0159e: 25,5 cm<br \/>\nPr\u016fm\u011br tal\u00ed\u0159ku: 20,5 cm<\/p>\n","protected":false},"excerpt":{"rendered":"<p>Sada j\u00eddeln\u00edch a dezertn\u00edch tal\u00ed\u0159\u016f pro 4 osoby s \u017e\u00e1dan\u00fdm dekorem fialek, kter\u00e1 se hod\u00ed jak na chalupu tak do<\/p>\n","protected":false},"featured_media":9448,"template":"","meta":[],"product_brand":[],"product_cat":[76,109,111],"product_tag":[],"class_list":{"0":"post-9447","1":"product","2":"type-product","3":"status-publish","4":"has-post-thumbnail","6":"product_cat-porcelan","7":"product_cat-talire","8":"product_cat-porcelanove-sady","10":"first","11":"instock","12":"purchasable","13":"product-type-simple"},"_links":{"self":[{"href":"https:\/\/eterle.cz\/eshop\/wp-json\/wp\/v2\/product\/9447","targetHints":{"allow":["GET"]}}],"collection":[{"href":"https:\/\/eterle.cz\/eshop\/wp-json\/wp\/v2\/product"}],"about":[{"href":"https:\/\/eterle.cz\/eshop\/wp-json\/wp\/v2\/types\/product"}],"version-history":[{"count":1,"href":"https:\/\/eterle.cz\/eshop\/wp-json\/wp\/v2\/product\/9447\/revisions"}],"predecessor-version":[{"id":26071,"href":"https:\/\/eterle.cz\/eshop\/wp-json\/wp\/v2\/product\/9447\/revisions\/26071"}],"wp:featuredmedia":[{"embeddable":true,"href":"https:\/\/eterle.cz\/eshop\/wp-json\/wp\/v2\/media\/9448"}],"wp:attachment":[{"href":"https:\/\/eterle.cz\/eshop\/wp-json\/wp\/v2\/media?parent=9447"}],"wp:term":[{"taxonomy":"product_brand","embeddable":true,"href":"https:\/\/eterle.cz\/eshop\/wp-json\/wp\/v2\/product_brand?post=9447"},{"taxonomy":"product_cat","embeddable":true,"href":"https:\/\/eterle.cz\/eshop\/wp-json\/wp\/v2\/product_cat?post=9447"},{"taxonomy":"product_tag","embeddable":true,"href":"https:\/\/eterle.cz\/eshop\/wp-json\/wp\/v2\/product_tag?post=9447"}],"curies":[{"name":"wp","href":"https:\/\/api.w.org\/{rel}","templated":true}]}}