{"id":9466,"date":"2022-07-11T22:26:16","date_gmt":"2022-07-11T20:26:16","guid":{"rendered":"https:\/\/eterle.cz\/eshop\/produkt\/servirovaci-tac-rosenthal\/"},"modified":"2025-06-24T01:51:42","modified_gmt":"2025-06-23T23:51:42","slug":"servirovaci-tac-rosenthal","status":"publish","type":"product","link":"https:\/\/eterle.cz\/eshop\/produkt\/servirovaci-tac-rosenthal\/","title":{"rendered":"Serv\u00edrovac\u00ed t\u00e1c \/ Rosenthal"},"content":{"rendered":"<p>Keramick\u00fd serv\u00edrovac\u00ed t\u00e1c v \u010dokol\u00e1dov\u00e9 barv\u011b na kter\u00e9m vynikde pestrost jak\u00e9hokoliv j\u00eddla. Vhodn\u00fd t\u0159eba na jednohubky nebo mix useznin se s\u00fdry a olivami.<\/p>\n<p>Stav: perfektn\u00ed<br \/>\nZna\u010dka: Rosenthal<br \/>\nRozm\u011br<br \/>\nPr\u016fm\u011br: 33 cm<\/p>\n","protected":false},"excerpt":{"rendered":"<p>Keramick\u00fd serv\u00edrovac\u00ed t\u00e1c v \u010dokol\u00e1dov\u00e9 barv\u011b na kter\u00e9m vynikde pestrost jak\u00e9hokoliv j\u00eddla. Vhodn\u00fd t\u0159eba na jednohubky nebo mix useznin se<\/p>\n","protected":false},"featured_media":9224,"template":"","meta":[],"product_brand":[153],"product_cat":[76,110,101],"product_tag":[],"class_list":{"0":"post-9466","1":"product","2":"type-product","3":"status-publish","4":"has-post-thumbnail","6":"product_brand-eterle-cz","7":"product_cat-porcelan","8":"product_cat-misy","9":"product_cat-rosenthal","11":"first","12":"instock","13":"purchasable","14":"product-type-simple"},"_links":{"self":[{"href":"https:\/\/eterle.cz\/eshop\/wp-json\/wp\/v2\/product\/9466","targetHints":{"allow":["GET"]}}],"collection":[{"href":"https:\/\/eterle.cz\/eshop\/wp-json\/wp\/v2\/product"}],"about":[{"href":"https:\/\/eterle.cz\/eshop\/wp-json\/wp\/v2\/types\/product"}],"version-history":[{"count":1,"href":"https:\/\/eterle.cz\/eshop\/wp-json\/wp\/v2\/product\/9466\/revisions"}],"predecessor-version":[{"id":26072,"href":"https:\/\/eterle.cz\/eshop\/wp-json\/wp\/v2\/product\/9466\/revisions\/26072"}],"wp:featuredmedia":[{"embeddable":true,"href":"https:\/\/eterle.cz\/eshop\/wp-json\/wp\/v2\/media\/9224"}],"wp:attachment":[{"href":"https:\/\/eterle.cz\/eshop\/wp-json\/wp\/v2\/media?parent=9466"}],"wp:term":[{"taxonomy":"product_brand","embeddable":true,"href":"https:\/\/eterle.cz\/eshop\/wp-json\/wp\/v2\/product_brand?post=9466"},{"taxonomy":"product_cat","embeddable":true,"href":"https:\/\/eterle.cz\/eshop\/wp-json\/wp\/v2\/product_cat?post=9466"},{"taxonomy":"product_tag","embeddable":true,"href":"https:\/\/eterle.cz\/eshop\/wp-json\/wp\/v2\/product_tag?post=9466"}],"curies":[{"name":"wp","href":"https:\/\/api.w.org\/{rel}","templated":true}]}}