{"id":9509,"date":"2022-07-11T22:27:46","date_gmt":"2022-07-11T20:27:46","guid":{"rendered":"https:\/\/eterle.cz\/eshop\/produkt\/sklenice-na-vodu\/"},"modified":"2025-02-16T03:01:21","modified_gmt":"2025-02-16T02:01:21","slug":"sklenice-na-vodu","status":"publish","type":"product","link":"https:\/\/eterle.cz\/eshop\/produkt\/sklenice-na-vodu\/","title":{"rendered":"Sklenice na vodu"},"content":{"rendered":"<p>Sada p\u011bti sklenic s lit\u00fdm vzorem drobn\u00fdch koso\u010dtverc\u016f evokuj\u00edc\u00edch brus. P\u016fsob\u00ed modern\u011b a elegantn\u011b, nejedn\u00e1 se o tenou\u010dk\u00e9 sklo, ale po\u0159\u00e1dn\u00fd kus k\u0159i\u0161\u0165\u00e1lu. Ve stejn\u00e9m dekoru m\u00e1me k dispozici tak\u00e9 sklenice na b\u00edl\u00e9 a \u010derven\u00e9 v\u00edno, na lik\u00e9r a na ko\u0148ak.<\/p>\n<p>Stav: lehce ml\u00e9\u010dn\u00fd opar, pravd\u011bpodobn\u011b z my\u010dky<br \/>\nRozm\u011br<br \/>\nObjem: 250 ml<br \/>\nV\u00fd\u0161ka: 11 cm<\/p>\n","protected":false},"excerpt":{"rendered":"<p>Sada p\u011bti sklenic s lit\u00fdm vzorem drobn\u00fdch koso\u010dtverc\u016f evokuj\u00edc\u00edch brus. P\u016fsob\u00ed modern\u011b a elegantn\u011b, nejedn\u00e1 se o tenou\u010dk\u00e9 sklo, ale<\/p>\n","protected":false},"featured_media":9510,"template":"","meta":[],"product_brand":[153],"product_cat":[91],"product_tag":[],"class_list":{"0":"post-9509","1":"product","2":"type-product","3":"status-publish","4":"has-post-thumbnail","6":"product_brand-eterle-cz","7":"product_cat-prodane","9":"first","10":"outofstock","11":"purchasable","12":"product-type-simple"},"_links":{"self":[{"href":"https:\/\/eterle.cz\/eshop\/wp-json\/wp\/v2\/product\/9509","targetHints":{"allow":["GET"]}}],"collection":[{"href":"https:\/\/eterle.cz\/eshop\/wp-json\/wp\/v2\/product"}],"about":[{"href":"https:\/\/eterle.cz\/eshop\/wp-json\/wp\/v2\/types\/product"}],"version-history":[{"count":0,"href":"https:\/\/eterle.cz\/eshop\/wp-json\/wp\/v2\/product\/9509\/revisions"}],"wp:featuredmedia":[{"embeddable":true,"href":"https:\/\/eterle.cz\/eshop\/wp-json\/wp\/v2\/media\/9510"}],"wp:attachment":[{"href":"https:\/\/eterle.cz\/eshop\/wp-json\/wp\/v2\/media?parent=9509"}],"wp:term":[{"taxonomy":"product_brand","embeddable":true,"href":"https:\/\/eterle.cz\/eshop\/wp-json\/wp\/v2\/product_brand?post=9509"},{"taxonomy":"product_cat","embeddable":true,"href":"https:\/\/eterle.cz\/eshop\/wp-json\/wp\/v2\/product_cat?post=9509"},{"taxonomy":"product_tag","embeddable":true,"href":"https:\/\/eterle.cz\/eshop\/wp-json\/wp\/v2\/product_tag?post=9509"}],"curies":[{"name":"wp","href":"https:\/\/api.w.org\/{rel}","templated":true}]}}