{"id":9532,"date":"2022-07-11T22:27:46","date_gmt":"2022-07-11T20:27:46","guid":{"rendered":"https:\/\/eterle.cz\/eshop\/produkt\/sada-sklenicek-na-liker\/"},"modified":"2025-02-16T03:01:22","modified_gmt":"2025-02-16T02:01:22","slug":"sada-sklenicek-na-liker","status":"publish","type":"product","link":"https:\/\/eterle.cz\/eshop\/produkt\/sada-sklenicek-na-liker\/","title":{"rendered":"Sada skleni\u010dek na lik\u00e9r"},"content":{"rendered":"<p>Sada \u0161esti sklenic na lik\u00e9r z tenou\u010dk\u00e9ho skla s p\u00edskoan\u00fdm jemn\u00fdm vzorem punt\u00ed\u010dk\u016f propojen\u00fdch tenkou linkou.<\/p>\n<p>Stav: 5 kus\u016f zcela v po\u0159\u00e1dku, jedna lehce \u0161t\u00edpl\u00e9 d\u00fdnko<br \/>\nRozm\u011br<br \/>\nObjem: 50 ml<br \/>\nV\u00fd\u0161ka: 9 cm<\/p>\n","protected":false},"excerpt":{"rendered":"<p>Sada \u0161esti sklenic na lik\u00e9r z tenou\u010dk\u00e9ho skla s p\u00edskoan\u00fdm jemn\u00fdm vzorem punt\u00ed\u010dk\u016f propojen\u00fdch tenkou linkou. Stav: 5 kus\u016f zcela<\/p>\n","protected":false},"featured_media":9533,"template":"","meta":[],"product_brand":[153],"product_cat":[91],"product_tag":[],"class_list":{"0":"post-9532","1":"product","2":"type-product","3":"status-publish","4":"has-post-thumbnail","6":"product_brand-eterle-cz","7":"product_cat-prodane","9":"first","10":"outofstock","11":"purchasable","12":"product-type-simple"},"_links":{"self":[{"href":"https:\/\/eterle.cz\/eshop\/wp-json\/wp\/v2\/product\/9532","targetHints":{"allow":["GET"]}}],"collection":[{"href":"https:\/\/eterle.cz\/eshop\/wp-json\/wp\/v2\/product"}],"about":[{"href":"https:\/\/eterle.cz\/eshop\/wp-json\/wp\/v2\/types\/product"}],"version-history":[{"count":0,"href":"https:\/\/eterle.cz\/eshop\/wp-json\/wp\/v2\/product\/9532\/revisions"}],"wp:featuredmedia":[{"embeddable":true,"href":"https:\/\/eterle.cz\/eshop\/wp-json\/wp\/v2\/media\/9533"}],"wp:attachment":[{"href":"https:\/\/eterle.cz\/eshop\/wp-json\/wp\/v2\/media?parent=9532"}],"wp:term":[{"taxonomy":"product_brand","embeddable":true,"href":"https:\/\/eterle.cz\/eshop\/wp-json\/wp\/v2\/product_brand?post=9532"},{"taxonomy":"product_cat","embeddable":true,"href":"https:\/\/eterle.cz\/eshop\/wp-json\/wp\/v2\/product_cat?post=9532"},{"taxonomy":"product_tag","embeddable":true,"href":"https:\/\/eterle.cz\/eshop\/wp-json\/wp\/v2\/product_tag?post=9532"}],"curies":[{"name":"wp","href":"https:\/\/api.w.org\/{rel}","templated":true}]}}