{"id":9537,"date":"2022-07-11T22:28:49","date_gmt":"2022-07-11T20:28:49","guid":{"rendered":"https:\/\/eterle.cz\/eshop\/produkt\/sklenice-na-wisky\/"},"modified":"2025-02-16T03:01:18","modified_gmt":"2025-02-16T02:01:18","slug":"sklenice-na-wisky","status":"publish","type":"product","link":"https:\/\/eterle.cz\/eshop\/produkt\/sklenice-na-wisky\/","title":{"rendered":"Sklenice na wisky"},"content":{"rendered":"<p>Sada p\u011bti sklenic na whisky s dobru\u0161ovan\u00fdm dekorem ve tvaru abstraktn\u00edch hv\u011bzdic. Dno sklenice rovn\u011b\u017e probrou\u0161eno do hv\u011bzdice.<\/p>\n<p>Stav: dobr\u00fd, jako nov\u00e9<br \/>\nRozm\u011br<br \/>\nObjem: 275 ml<br \/>\nV\u00fd\u0161ka: 9,5 cm<\/p>\n","protected":false},"excerpt":{"rendered":"<p>Sada p\u011bti sklenic na whisky s dobru\u0161ovan\u00fdm dekorem ve tvaru abstraktn\u00edch hv\u011bzdic. Dno sklenice rovn\u011b\u017e probrou\u0161eno do hv\u011bzdice. Stav: dobr\u00fd,<\/p>\n","protected":false},"featured_media":9538,"template":"","meta":[],"product_brand":[153],"product_cat":[91],"product_tag":[],"class_list":{"0":"post-9537","1":"product","2":"type-product","3":"status-publish","4":"has-post-thumbnail","6":"product_brand-eterle-cz","7":"product_cat-prodane","9":"first","10":"outofstock","11":"purchasable","12":"product-type-simple"},"_links":{"self":[{"href":"https:\/\/eterle.cz\/eshop\/wp-json\/wp\/v2\/product\/9537","targetHints":{"allow":["GET"]}}],"collection":[{"href":"https:\/\/eterle.cz\/eshop\/wp-json\/wp\/v2\/product"}],"about":[{"href":"https:\/\/eterle.cz\/eshop\/wp-json\/wp\/v2\/types\/product"}],"version-history":[{"count":0,"href":"https:\/\/eterle.cz\/eshop\/wp-json\/wp\/v2\/product\/9537\/revisions"}],"wp:featuredmedia":[{"embeddable":true,"href":"https:\/\/eterle.cz\/eshop\/wp-json\/wp\/v2\/media\/9538"}],"wp:attachment":[{"href":"https:\/\/eterle.cz\/eshop\/wp-json\/wp\/v2\/media?parent=9537"}],"wp:term":[{"taxonomy":"product_brand","embeddable":true,"href":"https:\/\/eterle.cz\/eshop\/wp-json\/wp\/v2\/product_brand?post=9537"},{"taxonomy":"product_cat","embeddable":true,"href":"https:\/\/eterle.cz\/eshop\/wp-json\/wp\/v2\/product_cat?post=9537"},{"taxonomy":"product_tag","embeddable":true,"href":"https:\/\/eterle.cz\/eshop\/wp-json\/wp\/v2\/product_tag?post=9537"}],"curies":[{"name":"wp","href":"https:\/\/api.w.org\/{rel}","templated":true}]}}