{"id":9574,"date":"2022-07-11T22:28:49","date_gmt":"2022-07-11T20:28:49","guid":{"rendered":"https:\/\/eterle.cz\/eshop\/produkt\/odkladaci-stolek-halabala-2\/"},"modified":"2025-02-16T03:01:20","modified_gmt":"2025-02-16T02:01:20","slug":"odkladaci-stolek-halabala-2","status":"publish","type":"product","link":"https:\/\/eterle.cz\/eshop\/produkt\/odkladaci-stolek-halabala-2\/","title":{"rendered":"Odkl\u00e1dac\u00ed stolek \/ Halabala"},"content":{"rendered":"<p>Odkl\u00e1dac\u00ed stolek Halabala s deskou z ko\u0159enice o\u0159echu (nohy o\u0159ech) vhodn\u00fd t\u0159eba vedle sedac\u00ed soupravy nebo kdekoliv ke st\u011bn\u011b na v\u00e1zu, sochu nebo m\u00edsu s ovocem. My m\u00e1me r\u00e1di stolky i v hale \u010di chodb\u011b, na odlo\u017een\u00ed kabelky \u010di kl\u00ed\u010d\u016f.<\/p>\n<p>Stav: zachoval\u00fd p\u016fvodn\u00ed stav, ko\u0159enice lehce popraskan\u00e1 na estetice ale neub\u00edr\u00e1, dod\u00e1v\u00e1 na autenti\u010dnosti<br \/>\nZna\u010dka: Halabala, Thonet<br \/>\nRozm\u011br<br \/>\nD\u00e9lka: 45,5cm<br \/>\nHloubka: 35,5 cm<br \/>\nV\u00fd\u0161ka: 54 cm<\/p>\n","protected":false},"excerpt":{"rendered":"<p>Odkl\u00e1dac\u00ed stolek Halabala s deskou z ko\u0159enice o\u0159echu (nohy o\u0159ech) vhodn\u00fd t\u0159eba vedle sedac\u00ed soupravy nebo kdekoliv ke st\u011bn\u011b na<\/p>\n","protected":false},"featured_media":9575,"template":"","meta":[],"product_brand":[153],"product_cat":[91],"product_tag":[],"class_list":{"0":"post-9574","1":"product","2":"type-product","3":"status-publish","4":"has-post-thumbnail","6":"product_brand-eterle-cz","7":"product_cat-prodane","8":"product_shipping_class-nadrozmerne","10":"first","11":"outofstock","12":"purchasable","13":"product-type-simple"},"_links":{"self":[{"href":"https:\/\/eterle.cz\/eshop\/wp-json\/wp\/v2\/product\/9574","targetHints":{"allow":["GET"]}}],"collection":[{"href":"https:\/\/eterle.cz\/eshop\/wp-json\/wp\/v2\/product"}],"about":[{"href":"https:\/\/eterle.cz\/eshop\/wp-json\/wp\/v2\/types\/product"}],"version-history":[{"count":0,"href":"https:\/\/eterle.cz\/eshop\/wp-json\/wp\/v2\/product\/9574\/revisions"}],"wp:featuredmedia":[{"embeddable":true,"href":"https:\/\/eterle.cz\/eshop\/wp-json\/wp\/v2\/media\/9575"}],"wp:attachment":[{"href":"https:\/\/eterle.cz\/eshop\/wp-json\/wp\/v2\/media?parent=9574"}],"wp:term":[{"taxonomy":"product_brand","embeddable":true,"href":"https:\/\/eterle.cz\/eshop\/wp-json\/wp\/v2\/product_brand?post=9574"},{"taxonomy":"product_cat","embeddable":true,"href":"https:\/\/eterle.cz\/eshop\/wp-json\/wp\/v2\/product_cat?post=9574"},{"taxonomy":"product_tag","embeddable":true,"href":"https:\/\/eterle.cz\/eshop\/wp-json\/wp\/v2\/product_tag?post=9574"}],"curies":[{"name":"wp","href":"https:\/\/api.w.org\/{rel}","templated":true}]}}