{"id":9582,"date":"2022-07-11T22:30:07","date_gmt":"2022-07-11T20:30:07","guid":{"rendered":"https:\/\/eterle.cz\/eshop\/produkt\/stolicka-brusel\/"},"modified":"2025-02-16T03:01:16","modified_gmt":"2025-02-16T02:01:16","slug":"stolicka-brusel","status":"publish","type":"product","link":"https:\/\/eterle.cz\/eshop\/produkt\/stolicka-brusel\/","title":{"rendered":"Stoli\u010dka \/ Brusel"},"content":{"rendered":"<p>Stoli\u010dka tzv. trojno\u017eka v obl\u00edben\u00e9m bruselsk\u00e9m stylu m\u00e1 tvar p\u0159ipom\u00ednaj\u00edc\u00ed trs\u00e1tko. Vhodn\u00e1 bude p\u0159edev\u0161\u00edm jako podstavec na kytky nebo odlo\u017ene\u00ed drobn\u00fdch p\u0159edm\u011bt\u016f. Horn\u00ed umakartov\u00e1 deska m\u00e1 hezk\u00fd jemn\u00fd geometrick\u00fd vzor.<\/p>\n<p>Stav: p\u016fvodn\u00ed stav s patinou<br \/>\nRozm\u011br<br \/>\nD\u00e9lka: cca 34,5  cm<br \/>\nHloubka: cca 29,5 cm<br \/>\nV\u00fd\u0161ka: 41,5 cm<\/p>\n","protected":false},"excerpt":{"rendered":"<p>Stoli\u010dka tzv. trojno\u017eka v obl\u00edben\u00e9m bruselsk\u00e9m stylu m\u00e1 tvar p\u0159ipom\u00ednaj\u00edc\u00ed trs\u00e1tko. Vhodn\u00e1 bude p\u0159edev\u0161\u00edm jako podstavec na kytky nebo odlo\u017ene\u00ed<\/p>\n","protected":false},"featured_media":9583,"template":"","meta":[],"product_brand":[153],"product_cat":[91],"product_tag":[],"class_list":{"0":"post-9582","1":"product","2":"type-product","3":"status-publish","4":"has-post-thumbnail","6":"product_brand-eterle-cz","7":"product_cat-prodane","8":"product_shipping_class-nadrozmerne","10":"first","11":"outofstock","12":"purchasable","13":"product-type-simple"},"_links":{"self":[{"href":"https:\/\/eterle.cz\/eshop\/wp-json\/wp\/v2\/product\/9582","targetHints":{"allow":["GET"]}}],"collection":[{"href":"https:\/\/eterle.cz\/eshop\/wp-json\/wp\/v2\/product"}],"about":[{"href":"https:\/\/eterle.cz\/eshop\/wp-json\/wp\/v2\/types\/product"}],"version-history":[{"count":0,"href":"https:\/\/eterle.cz\/eshop\/wp-json\/wp\/v2\/product\/9582\/revisions"}],"wp:featuredmedia":[{"embeddable":true,"href":"https:\/\/eterle.cz\/eshop\/wp-json\/wp\/v2\/media\/9583"}],"wp:attachment":[{"href":"https:\/\/eterle.cz\/eshop\/wp-json\/wp\/v2\/media?parent=9582"}],"wp:term":[{"taxonomy":"product_brand","embeddable":true,"href":"https:\/\/eterle.cz\/eshop\/wp-json\/wp\/v2\/product_brand?post=9582"},{"taxonomy":"product_cat","embeddable":true,"href":"https:\/\/eterle.cz\/eshop\/wp-json\/wp\/v2\/product_cat?post=9582"},{"taxonomy":"product_tag","embeddable":true,"href":"https:\/\/eterle.cz\/eshop\/wp-json\/wp\/v2\/product_tag?post=9582"}],"curies":[{"name":"wp","href":"https:\/\/api.w.org\/{rel}","templated":true}]}}