{"id":9627,"date":"2022-07-11T22:30:07","date_gmt":"2022-07-11T20:30:07","guid":{"rendered":"https:\/\/eterle.cz\/eshop\/produkt\/stolicka-na-kytky\/"},"modified":"2025-02-16T03:01:18","modified_gmt":"2025-02-16T02:01:18","slug":"stolicka-na-kytky","status":"publish","type":"product","link":"https:\/\/eterle.cz\/eshop\/produkt\/stolicka-na-kytky\/","title":{"rendered":"Stoli\u010dka na kytky"},"content":{"rendered":"<p>Multifunk\u010dn\u00ed stoli\u010dka ve sv\u011b\u017e\u00ed modro b\u00edl\u00e9 barv\u011b. Lze ji vyu\u017e\u00edt jako mal\u00fd odkl\u00e1dac\u00ed stolek ke k\u0159eslu, jako podstavec pod kytku nebo v chodb\u011b na kabelku.<\/p>\n<p>Stav: p\u016fvodn\u00ed zachoval\u00fd stav, set\u0159en\u00fd lak, n\u011bkter\u00e9 dla\u017edi\u010dky od\u0159en\u00e9<br \/>\nRozm\u011br<br \/>\nV\u00fd\u0161ka: 38 cm<br \/>\n\u0160\u00ed\u0159ka: 31 cm<\/p>\n","protected":false},"excerpt":{"rendered":"<p>Multifunk\u010dn\u00ed stoli\u010dka ve sv\u011b\u017e\u00ed modro b\u00edl\u00e9 barv\u011b. Lze ji vyu\u017e\u00edt jako mal\u00fd odkl\u00e1dac\u00ed stolek ke k\u0159eslu, jako podstavec pod kytku<\/p>\n","protected":false},"featured_media":9628,"template":"","meta":[],"product_brand":[153],"product_cat":[91],"product_tag":[],"class_list":{"0":"post-9627","1":"product","2":"type-product","3":"status-publish","4":"has-post-thumbnail","6":"product_brand-eterle-cz","7":"product_cat-prodane","8":"product_shipping_class-nadrozmerne","10":"first","11":"outofstock","12":"purchasable","13":"product-type-simple"},"_links":{"self":[{"href":"https:\/\/eterle.cz\/eshop\/wp-json\/wp\/v2\/product\/9627","targetHints":{"allow":["GET"]}}],"collection":[{"href":"https:\/\/eterle.cz\/eshop\/wp-json\/wp\/v2\/product"}],"about":[{"href":"https:\/\/eterle.cz\/eshop\/wp-json\/wp\/v2\/types\/product"}],"version-history":[{"count":0,"href":"https:\/\/eterle.cz\/eshop\/wp-json\/wp\/v2\/product\/9627\/revisions"}],"wp:featuredmedia":[{"embeddable":true,"href":"https:\/\/eterle.cz\/eshop\/wp-json\/wp\/v2\/media\/9628"}],"wp:attachment":[{"href":"https:\/\/eterle.cz\/eshop\/wp-json\/wp\/v2\/media?parent=9627"}],"wp:term":[{"taxonomy":"product_brand","embeddable":true,"href":"https:\/\/eterle.cz\/eshop\/wp-json\/wp\/v2\/product_brand?post=9627"},{"taxonomy":"product_cat","embeddable":true,"href":"https:\/\/eterle.cz\/eshop\/wp-json\/wp\/v2\/product_cat?post=9627"},{"taxonomy":"product_tag","embeddable":true,"href":"https:\/\/eterle.cz\/eshop\/wp-json\/wp\/v2\/product_tag?post=9627"}],"curies":[{"name":"wp","href":"https:\/\/api.w.org\/{rel}","templated":true}]}}