{"id":9663,"date":"2022-07-11T22:31:37","date_gmt":"2022-07-11T20:31:37","guid":{"rendered":"https:\/\/eterle.cz\/eshop\/produkt\/stolni-lampicka-tabera\/"},"modified":"2025-11-09T00:36:20","modified_gmt":"2025-11-08T23:36:20","slug":"stolni-lampicka-tabera","status":"publish","type":"product","link":"https:\/\/eterle.cz\/eshop\/produkt\/stolni-lampicka-tabera\/","title":{"rendered":"Stoln\u00ed lampi\u010dka \/ \u0160. Tabery"},"content":{"rendered":"<p>Obl\u00edben\u00e1 stoln\u00ed lampa podle n\u00e1vrhu design\u00e9ra \u0160t\u011bp\u00e1na Tabery, kterou navrh v 70. letech pro Osv\u011btlovac\u00ed sklo, st\u0159edisko podniku v Kostanech u Teplic. Jde o ikonick\u00fd, notoricky zn\u00e1m\u00fd model z op\u00e1lov\u00e9ho skla, kter\u00e9 je v jednom kuse spole\u010dn\u011b s podstavcem. P\u0159i rozsv\u00edcen\u00ed se v\u0161ak rozz\u00e1\u0159\u00ed pouze jeho horn\u00ed \u010d\u00e1st. V oran\u017eov\u00e9 barv\u011b s decentn\u00edm \u017elut\u00fdm prou\u017ekem na z\u00e1kladn\u011b.<\/p>\n<p>Stav: funk\u010dn\u00ed, elektroinstalace p\u016fvodn\u00ed. Sklo v perfektn\u00edm stavu<br \/>\nZna\u010dka: \u0160t\u011bp\u00e1n Tabery<br \/>\nRozm\u011br<br \/>\n\u0160\u00ed\u0159ka (v nej\u0161ir\u0161\u00edm m\u00edst\u011b): 25,5 cm<br \/>\nV\u00fd\u0161ka: 32 cm<\/p>\n","protected":false},"excerpt":{"rendered":"<p>Obl\u00edben\u00e1 stoln\u00ed lampa podle n\u00e1vrhu design\u00e9ra \u0160t\u011bp\u00e1na Tabery, kterou navrh v 70. letech pro Osv\u011btlovac\u00ed sklo, st\u0159edisko podniku v Kostanech<\/p>\n","protected":false},"featured_media":9664,"template":"","meta":[],"product_brand":[153],"product_cat":[91],"product_tag":[],"class_list":{"0":"post-9663","1":"product","2":"type-product","3":"status-publish","4":"has-post-thumbnail","6":"product_brand-eterle-cz","7":"product_cat-prodane","8":"product_shipping_class-nadrozmerne","10":"first","11":"outofstock","12":"purchasable","13":"product-type-simple"},"_links":{"self":[{"href":"https:\/\/eterle.cz\/eshop\/wp-json\/wp\/v2\/product\/9663","targetHints":{"allow":["GET"]}}],"collection":[{"href":"https:\/\/eterle.cz\/eshop\/wp-json\/wp\/v2\/product"}],"about":[{"href":"https:\/\/eterle.cz\/eshop\/wp-json\/wp\/v2\/types\/product"}],"version-history":[{"count":1,"href":"https:\/\/eterle.cz\/eshop\/wp-json\/wp\/v2\/product\/9663\/revisions"}],"predecessor-version":[{"id":28168,"href":"https:\/\/eterle.cz\/eshop\/wp-json\/wp\/v2\/product\/9663\/revisions\/28168"}],"wp:featuredmedia":[{"embeddable":true,"href":"https:\/\/eterle.cz\/eshop\/wp-json\/wp\/v2\/media\/9664"}],"wp:attachment":[{"href":"https:\/\/eterle.cz\/eshop\/wp-json\/wp\/v2\/media?parent=9663"}],"wp:term":[{"taxonomy":"product_brand","embeddable":true,"href":"https:\/\/eterle.cz\/eshop\/wp-json\/wp\/v2\/product_brand?post=9663"},{"taxonomy":"product_cat","embeddable":true,"href":"https:\/\/eterle.cz\/eshop\/wp-json\/wp\/v2\/product_cat?post=9663"},{"taxonomy":"product_tag","embeddable":true,"href":"https:\/\/eterle.cz\/eshop\/wp-json\/wp\/v2\/product_tag?post=9663"}],"curies":[{"name":"wp","href":"https:\/\/api.w.org\/{rel}","templated":true}]}}