{"id":9669,"date":"2022-07-11T22:31:37","date_gmt":"2022-07-11T20:31:37","guid":{"rendered":"https:\/\/eterle.cz\/eshop\/produkt\/stolni-lampicka-kamenicky-senov\/"},"modified":"2025-02-16T03:01:15","modified_gmt":"2025-02-16T02:01:15","slug":"stolni-lampicka-kamenicky-senov","status":"publish","type":"product","link":"https:\/\/eterle.cz\/eshop\/produkt\/stolni-lampicka-kamenicky-senov\/","title":{"rendered":"Stoln\u00ed lampi\u010dka \/ Kamenick\u00fd \u0160enov"},"content":{"rendered":"<p>Lampi\u010dka byla zhotovena ve skl\u00e1rn\u011b v Kamenick\u00e9m \u0160enov\u011b a to ve 2. polovin\u011b 20.stolet\u00ed, p\u0159esn\u011bji v letech 1960 &#8211; 1969. Je vyrobena v kombinaci kovu a skla, kter\u00e1 jsou bohat\u011b zdobena geometrick\u00fdm motivem, je\u017e je vyveden plasticky.<\/p>\n<p>Stav: elektroinstalace p\u016fvodn\u00ed, funk\u010dn\u00ed, zlat\u00fd podstavec m\u00edrn\u00e1 patina. Zlat\u00e1 deska naho\u0159e m\u00edrn\u00e9 fleky<br \/>\nZna\u010dka: Kamenick\u00fd \u0160enov<br \/>\nV\u00fd\u0161ka: 18,5 cm<br \/>\n\u0160\u00ed\u0159ka: 11,5 cm<\/p>\n","protected":false},"excerpt":{"rendered":"<p>Lampi\u010dka byla zhotovena ve skl\u00e1rn\u011b v Kamenick\u00e9m \u0160enov\u011b a to ve 2. polovin\u011b 20.stolet\u00ed, p\u0159esn\u011bji v letech 1960 &#8211; 1969.<\/p>\n","protected":false},"featured_media":9670,"template":"","meta":[],"product_brand":[153],"product_cat":[91],"product_tag":[],"class_list":{"0":"post-9669","1":"product","2":"type-product","3":"status-publish","4":"has-post-thumbnail","6":"product_brand-eterle-cz","7":"product_cat-prodane","9":"first","10":"outofstock","11":"purchasable","12":"product-type-simple"},"_links":{"self":[{"href":"https:\/\/eterle.cz\/eshop\/wp-json\/wp\/v2\/product\/9669","targetHints":{"allow":["GET"]}}],"collection":[{"href":"https:\/\/eterle.cz\/eshop\/wp-json\/wp\/v2\/product"}],"about":[{"href":"https:\/\/eterle.cz\/eshop\/wp-json\/wp\/v2\/types\/product"}],"version-history":[{"count":0,"href":"https:\/\/eterle.cz\/eshop\/wp-json\/wp\/v2\/product\/9669\/revisions"}],"wp:featuredmedia":[{"embeddable":true,"href":"https:\/\/eterle.cz\/eshop\/wp-json\/wp\/v2\/media\/9670"}],"wp:attachment":[{"href":"https:\/\/eterle.cz\/eshop\/wp-json\/wp\/v2\/media?parent=9669"}],"wp:term":[{"taxonomy":"product_brand","embeddable":true,"href":"https:\/\/eterle.cz\/eshop\/wp-json\/wp\/v2\/product_brand?post=9669"},{"taxonomy":"product_cat","embeddable":true,"href":"https:\/\/eterle.cz\/eshop\/wp-json\/wp\/v2\/product_cat?post=9669"},{"taxonomy":"product_tag","embeddable":true,"href":"https:\/\/eterle.cz\/eshop\/wp-json\/wp\/v2\/product_tag?post=9669"}],"curies":[{"name":"wp","href":"https:\/\/api.w.org\/{rel}","templated":true}]}}