{"id":9676,"date":"2022-07-11T22:38:00","date_gmt":"2022-07-11T20:38:00","guid":{"rendered":"https:\/\/eterle.cz\/eshop\/produkt\/koberec\/"},"modified":"2025-02-16T03:01:12","modified_gmt":"2025-02-16T02:01:12","slug":"koberec","status":"publish","type":"product","link":"https:\/\/eterle.cz\/eshop\/produkt\/koberec\/","title":{"rendered":"Koberec"},"content":{"rendered":"<p>Velk\u00fd, vln\u011bn\u00fd, ru\u010dn\u011b tkan\u00fd koberec typu Kelim. Tlumen\u00e1 oran\u017eov\u00e1 barva s pestr\u00fdm vzorem po okraj\u00edch krs\u00e1n\u011b rozz\u00e1\u0159\u00ed interi\u00e9r.<\/p>\n<p>Stav: dobr\u00fd p\u016fvodn\u00ed stav, jen m\u00edsty po\u0161kozen\u00fd kraj. T\u0159\u00e1sn\u011b na jedn\u00e9 stran\u011b v po\u0159\u00e1dku, na druh\u00e9 zkr\u00e1cen\u00e9.<br \/>\nZna\u010dka: Typ Kelim<br \/>\nRozm\u011br<br \/>\n\u0160\u00ed\u0159ka: 2 m<br \/>\nD\u00e9lka: 2,97 m (bez t\u0159\u00e1sn\u00ed)<\/p>\n","protected":false},"excerpt":{"rendered":"<p>Velk\u00fd, vln\u011bn\u00fd, ru\u010dn\u011b tkan\u00fd koberec typu Kelim. Tlumen\u00e1 oran\u017eov\u00e1 barva s pestr\u00fdm vzorem po okraj\u00edch krs\u00e1n\u011b rozz\u00e1\u0159\u00ed interi\u00e9r. Stav: dobr\u00fd<\/p>\n","protected":false},"featured_media":9677,"template":"","meta":[],"product_brand":[153],"product_cat":[91],"product_tag":[],"class_list":{"0":"post-9676","1":"product","2":"type-product","3":"status-publish","4":"has-post-thumbnail","6":"product_brand-eterle-cz","7":"product_cat-prodane","8":"product_shipping_class-nadrozmerne","10":"first","11":"outofstock","12":"purchasable","13":"product-type-simple"},"_links":{"self":[{"href":"https:\/\/eterle.cz\/eshop\/wp-json\/wp\/v2\/product\/9676","targetHints":{"allow":["GET"]}}],"collection":[{"href":"https:\/\/eterle.cz\/eshop\/wp-json\/wp\/v2\/product"}],"about":[{"href":"https:\/\/eterle.cz\/eshop\/wp-json\/wp\/v2\/types\/product"}],"version-history":[{"count":1,"href":"https:\/\/eterle.cz\/eshop\/wp-json\/wp\/v2\/product\/9676\/revisions"}],"predecessor-version":[{"id":14380,"href":"https:\/\/eterle.cz\/eshop\/wp-json\/wp\/v2\/product\/9676\/revisions\/14380"}],"wp:featuredmedia":[{"embeddable":true,"href":"https:\/\/eterle.cz\/eshop\/wp-json\/wp\/v2\/media\/9677"}],"wp:attachment":[{"href":"https:\/\/eterle.cz\/eshop\/wp-json\/wp\/v2\/media?parent=9676"}],"wp:term":[{"taxonomy":"product_brand","embeddable":true,"href":"https:\/\/eterle.cz\/eshop\/wp-json\/wp\/v2\/product_brand?post=9676"},{"taxonomy":"product_cat","embeddable":true,"href":"https:\/\/eterle.cz\/eshop\/wp-json\/wp\/v2\/product_cat?post=9676"},{"taxonomy":"product_tag","embeddable":true,"href":"https:\/\/eterle.cz\/eshop\/wp-json\/wp\/v2\/product_tag?post=9676"}],"curies":[{"name":"wp","href":"https:\/\/api.w.org\/{rel}","templated":true}]}}