{"id":9706,"date":"2022-07-11T22:38:00","date_gmt":"2022-07-11T20:38:00","guid":{"rendered":"https:\/\/eterle.cz\/eshop\/produkt\/sedici-kocka-dux\/"},"modified":"2025-02-16T03:01:14","modified_gmt":"2025-02-16T02:01:14","slug":"sedici-kocka-dux","status":"publish","type":"product","link":"https:\/\/eterle.cz\/eshop\/produkt\/sedici-kocka-dux\/","title":{"rendered":"Sed\u00edc\u00ed ko\u010dka \/ Dux"},"content":{"rendered":"<p>Ko\u010dka podle n\u00e1vrhu v\u00fdtvarn\u00edka Jaroslava Je\u017eka pro Dux. Jaroslav Je\u017eek z\u00edskal za sv\u00e9 dva n\u00e1vrhy (socha klisni\u010dka a h\u0159ebec, moka servis Elka) presti\u017en\u00ed ocen\u011bn\u00ed na v\u00fdstave EXPO 58. J. Je\u017eek vytvo\u0159il celou \u0159adu zv\u00ed\u0159ec\u00edch figurek a jejich \u00fasp\u011bch na Expu nastartoval vznik mnoha dal\u0161\u00edch a to i od jin\u00fdch v\u00fdtvarn\u00edk\u016f.<\/p>\n<p>Stav: nov\u00fd<br \/>\nZna\u010dka: Dux<br \/>\nRozm\u011br<br \/>\nV\u00fd\u0161ka: 15,5 cm<br \/>\n\u0160\u00ed\u0159ka dole: 6 cm<\/p>\n","protected":false},"excerpt":{"rendered":"<p>Ko\u010dka podle n\u00e1vrhu v\u00fdtvarn\u00edka Jaroslava Je\u017eka pro Dux. Jaroslav Je\u017eek z\u00edskal za sv\u00e9 dva n\u00e1vrhy (socha klisni\u010dka a h\u0159ebec, moka<\/p>\n","protected":false},"featured_media":9707,"template":"","meta":[],"product_brand":[153],"product_cat":[91],"product_tag":[],"class_list":{"0":"post-9706","1":"product","2":"type-product","3":"status-publish","4":"has-post-thumbnail","6":"product_brand-eterle-cz","7":"product_cat-prodane","9":"first","10":"outofstock","11":"purchasable","12":"product-type-simple"},"_links":{"self":[{"href":"https:\/\/eterle.cz\/eshop\/wp-json\/wp\/v2\/product\/9706","targetHints":{"allow":["GET"]}}],"collection":[{"href":"https:\/\/eterle.cz\/eshop\/wp-json\/wp\/v2\/product"}],"about":[{"href":"https:\/\/eterle.cz\/eshop\/wp-json\/wp\/v2\/types\/product"}],"version-history":[{"count":0,"href":"https:\/\/eterle.cz\/eshop\/wp-json\/wp\/v2\/product\/9706\/revisions"}],"wp:featuredmedia":[{"embeddable":true,"href":"https:\/\/eterle.cz\/eshop\/wp-json\/wp\/v2\/media\/9707"}],"wp:attachment":[{"href":"https:\/\/eterle.cz\/eshop\/wp-json\/wp\/v2\/media?parent=9706"}],"wp:term":[{"taxonomy":"product_brand","embeddable":true,"href":"https:\/\/eterle.cz\/eshop\/wp-json\/wp\/v2\/product_brand?post=9706"},{"taxonomy":"product_cat","embeddable":true,"href":"https:\/\/eterle.cz\/eshop\/wp-json\/wp\/v2\/product_cat?post=9706"},{"taxonomy":"product_tag","embeddable":true,"href":"https:\/\/eterle.cz\/eshop\/wp-json\/wp\/v2\/product_tag?post=9706"}],"curies":[{"name":"wp","href":"https:\/\/api.w.org\/{rel}","templated":true}]}}