{"id":9710,"date":"2022-07-11T22:38:51","date_gmt":"2022-07-11T20:38:51","guid":{"rendered":"https:\/\/eterle.cz\/eshop\/produkt\/dreveny-vesak-uluv\/"},"modified":"2025-02-16T03:01:09","modified_gmt":"2025-02-16T02:01:09","slug":"dreveny-vesak-uluv","status":"publish","type":"product","link":"https:\/\/eterle.cz\/eshop\/produkt\/dreveny-vesak-uluv\/","title":{"rendered":"D\u0159ev\u011bn\u00fd v\u011b\u0161\u00e1k \/ \u00daLUV"},"content":{"rendered":"<p>D\u0159ev\u011bn\u00fd v\u011b\u0161\u00e1k \u00daLUV p\u016fsob\u00ed d\u00edky kombinaci d\u0159eva a prov\u00e1zk\u016f vzdu\u0161n\u00fdm dojmem.<\/p>\n<p>Stav: vhodn\u00e9 k renovaci. Prov\u00e1zek na dvou m\u00edstech nav\u00e1z\u00e1n, ale funk\u010dnosti nevad\u00ed<br \/>\nRozm\u011br<br \/>\nV\u00fd\u0161ka: 35,5 cm<br \/>\nHloubka:  32cm<br \/>\nD\u00e9lka:82 cm<\/p>\n","protected":false},"excerpt":{"rendered":"<p>D\u0159ev\u011bn\u00fd v\u011b\u0161\u00e1k \u00daLUV p\u016fsob\u00ed d\u00edky kombinaci d\u0159eva a prov\u00e1zk\u016f vzdu\u0161n\u00fdm dojmem. Stav: vhodn\u00e9 k renovaci. Prov\u00e1zek na dvou m\u00edstech nav\u00e1z\u00e1n,<\/p>\n","protected":false},"featured_media":9711,"template":"","meta":[],"product_brand":[153],"product_cat":[91],"product_tag":[],"class_list":{"0":"post-9710","1":"product","2":"type-product","3":"status-publish","4":"has-post-thumbnail","6":"product_brand-eterle-cz","7":"product_cat-prodane","8":"product_shipping_class-nadrozmerne","10":"first","11":"outofstock","12":"purchasable","13":"product-type-simple"},"_links":{"self":[{"href":"https:\/\/eterle.cz\/eshop\/wp-json\/wp\/v2\/product\/9710","targetHints":{"allow":["GET"]}}],"collection":[{"href":"https:\/\/eterle.cz\/eshop\/wp-json\/wp\/v2\/product"}],"about":[{"href":"https:\/\/eterle.cz\/eshop\/wp-json\/wp\/v2\/types\/product"}],"version-history":[{"count":0,"href":"https:\/\/eterle.cz\/eshop\/wp-json\/wp\/v2\/product\/9710\/revisions"}],"wp:featuredmedia":[{"embeddable":true,"href":"https:\/\/eterle.cz\/eshop\/wp-json\/wp\/v2\/media\/9711"}],"wp:attachment":[{"href":"https:\/\/eterle.cz\/eshop\/wp-json\/wp\/v2\/media?parent=9710"}],"wp:term":[{"taxonomy":"product_brand","embeddable":true,"href":"https:\/\/eterle.cz\/eshop\/wp-json\/wp\/v2\/product_brand?post=9710"},{"taxonomy":"product_cat","embeddable":true,"href":"https:\/\/eterle.cz\/eshop\/wp-json\/wp\/v2\/product_cat?post=9710"},{"taxonomy":"product_tag","embeddable":true,"href":"https:\/\/eterle.cz\/eshop\/wp-json\/wp\/v2\/product_tag?post=9710"}],"curies":[{"name":"wp","href":"https:\/\/api.w.org\/{rel}","templated":true}]}}