{"id":9744,"date":"2022-07-11T22:38:51","date_gmt":"2022-07-11T20:38:51","guid":{"rendered":"https:\/\/eterle.cz\/eshop\/produkt\/servirovaci-talir-rosenthal-2\/"},"modified":"2025-02-16T03:01:11","modified_gmt":"2025-02-16T02:01:11","slug":"servirovaci-talir-rosenthal-2","status":"publish","type":"product","link":"https:\/\/eterle.cz\/eshop\/produkt\/servirovaci-talir-rosenthal-2\/","title":{"rendered":"Serv\u00edrovac\u00ed tal\u00ed\u0159 \/ Rosenthal"},"content":{"rendered":"<p>Keramick\u00fd serv\u00edrovac\u00ed tal\u00ed\u0159 v \u010dokol\u00e1dov\u00e9 barv\u011b na kter\u00e9m vynikde pestrost jak\u00e9hokoliv j\u00eddla. Vhodn\u00fd t\u0159eba na jednohubky nebo mix useznin se s\u00fdry a olivami.<\/p>\n<p>Stav: velmi dobr\u00fd<br \/>\nZna\u010dka: Rosenthal<br \/>\nRozm\u011br<br \/>\nPr\u016fm\u011br: 30,5 cm<\/p>\n","protected":false},"excerpt":{"rendered":"<p>Keramick\u00fd serv\u00edrovac\u00ed tal\u00ed\u0159 v \u010dokol\u00e1dov\u00e9 barv\u011b na kter\u00e9m vynikde pestrost jak\u00e9hokoliv j\u00eddla. Vhodn\u00fd t\u0159eba na jednohubky nebo mix useznin se<\/p>\n","protected":false},"featured_media":9745,"template":"","meta":[],"product_brand":[153],"product_cat":[91],"product_tag":[],"class_list":{"0":"post-9744","1":"product","2":"type-product","3":"status-publish","4":"has-post-thumbnail","6":"product_brand-eterle-cz","7":"product_cat-prodane","9":"first","10":"outofstock","11":"purchasable","12":"product-type-simple"},"_links":{"self":[{"href":"https:\/\/eterle.cz\/eshop\/wp-json\/wp\/v2\/product\/9744","targetHints":{"allow":["GET"]}}],"collection":[{"href":"https:\/\/eterle.cz\/eshop\/wp-json\/wp\/v2\/product"}],"about":[{"href":"https:\/\/eterle.cz\/eshop\/wp-json\/wp\/v2\/types\/product"}],"version-history":[{"count":0,"href":"https:\/\/eterle.cz\/eshop\/wp-json\/wp\/v2\/product\/9744\/revisions"}],"wp:featuredmedia":[{"embeddable":true,"href":"https:\/\/eterle.cz\/eshop\/wp-json\/wp\/v2\/media\/9745"}],"wp:attachment":[{"href":"https:\/\/eterle.cz\/eshop\/wp-json\/wp\/v2\/media?parent=9744"}],"wp:term":[{"taxonomy":"product_brand","embeddable":true,"href":"https:\/\/eterle.cz\/eshop\/wp-json\/wp\/v2\/product_brand?post=9744"},{"taxonomy":"product_cat","embeddable":true,"href":"https:\/\/eterle.cz\/eshop\/wp-json\/wp\/v2\/product_cat?post=9744"},{"taxonomy":"product_tag","embeddable":true,"href":"https:\/\/eterle.cz\/eshop\/wp-json\/wp\/v2\/product_tag?post=9744"}],"curies":[{"name":"wp","href":"https:\/\/api.w.org\/{rel}","templated":true}]}}