{"id":9748,"date":"2022-07-11T22:39:53","date_gmt":"2022-07-11T20:39:53","guid":{"rendered":"https:\/\/eterle.cz\/eshop\/produkt\/velky-servirovaci-tac-elsa\/"},"modified":"2025-02-16T03:01:07","modified_gmt":"2025-02-16T02:01:07","slug":"velky-servirovaci-tac-elsa","status":"publish","type":"product","link":"https:\/\/eterle.cz\/eshop\/produkt\/velky-servirovaci-tac-elsa\/","title":{"rendered":"Velk\u00fd serv\u00edrovac\u00ed t\u00e1c \/ Elsa"},"content":{"rendered":"<p>Velk\u00fd serv\u00edrovac\u00ed t\u00e1c z pom\u011brn\u011b tenk\u00e9ho st\u0159epu s fialov\u00fdm secesn\u00edm vzorem a linkou ve stejn\u00e9 barv\u011b.<\/p>\n<p>Stav: zn\u00e1mky patiny, kter\u00e9 mu ale neub\u00edraj\u00ed na kr\u00e1se<br \/>\nZna\u010dka: Elsa<br \/>\nRozm\u011br<br \/>\nPr\u016fm\u011br: 36 cm<\/p>\n","protected":false},"excerpt":{"rendered":"<p>Velk\u00fd serv\u00edrovac\u00ed t\u00e1c z pom\u011brn\u011b tenk\u00e9ho st\u0159epu s fialov\u00fdm secesn\u00edm vzorem a linkou ve stejn\u00e9 barv\u011b. Stav: zn\u00e1mky patiny, kter\u00e9<\/p>\n","protected":false},"featured_media":9749,"template":"","meta":[],"product_brand":[153],"product_cat":[91],"product_tag":[],"class_list":{"0":"post-9748","1":"product","2":"type-product","3":"status-publish","4":"has-post-thumbnail","6":"product_brand-eterle-cz","7":"product_cat-prodane","9":"first","10":"outofstock","11":"purchasable","12":"product-type-simple"},"_links":{"self":[{"href":"https:\/\/eterle.cz\/eshop\/wp-json\/wp\/v2\/product\/9748","targetHints":{"allow":["GET"]}}],"collection":[{"href":"https:\/\/eterle.cz\/eshop\/wp-json\/wp\/v2\/product"}],"about":[{"href":"https:\/\/eterle.cz\/eshop\/wp-json\/wp\/v2\/types\/product"}],"version-history":[{"count":0,"href":"https:\/\/eterle.cz\/eshop\/wp-json\/wp\/v2\/product\/9748\/revisions"}],"wp:featuredmedia":[{"embeddable":true,"href":"https:\/\/eterle.cz\/eshop\/wp-json\/wp\/v2\/media\/9749"}],"wp:attachment":[{"href":"https:\/\/eterle.cz\/eshop\/wp-json\/wp\/v2\/media?parent=9748"}],"wp:term":[{"taxonomy":"product_brand","embeddable":true,"href":"https:\/\/eterle.cz\/eshop\/wp-json\/wp\/v2\/product_brand?post=9748"},{"taxonomy":"product_cat","embeddable":true,"href":"https:\/\/eterle.cz\/eshop\/wp-json\/wp\/v2\/product_cat?post=9748"},{"taxonomy":"product_tag","embeddable":true,"href":"https:\/\/eterle.cz\/eshop\/wp-json\/wp\/v2\/product_tag?post=9748"}],"curies":[{"name":"wp","href":"https:\/\/api.w.org\/{rel}","templated":true}]}}