{"id":9755,"date":"2022-07-11T22:39:53","date_gmt":"2022-07-11T20:39:53","guid":{"rendered":"https:\/\/eterle.cz\/eshop\/produkt\/sada-6-klubovych-taliru-villeroy-boch\/"},"modified":"2025-11-30T22:46:54","modified_gmt":"2025-11-30T21:46:54","slug":"sada-6-klubovych-taliru-villeroy-boch","status":"publish","type":"product","link":"https:\/\/eterle.cz\/eshop\/produkt\/sada-6-klubovych-taliru-villeroy-boch\/","title":{"rendered":"Serv\u00edrovac\u00ed tal\u00ed\u0159 \/ Villeroy Boch"},"content":{"rendered":"<p>Serv\u00edrovac\u00ed tal\u00ed\u0159 z kolekce Walnut tradi\u010dn\u00ed porcel\u00e1nky Villeroy &amp; Boch sv\u00fdm pr\u016fm\u011brem 30 cm umo\u017e\u0148uje univerz\u00e1ln\u00ed pou\u017eit\u00ed. A\u0165 u\u017e jej pro jeho rozm\u011br pou\u017eijete jako tal\u00ed\u0159 na pizzu, tal\u00ed\u0159 serv\u00edrovac\u00ed \u010di klubov\u00fd, v\u017edy bude na prost\u0159en\u00e9m stole p\u0159itahovat pozornost.<\/p>\n<p>Stav: nov\u00e9<br \/>\nZna\u010dka: Villeroy Boch<br \/>\nRozm\u011br<br \/>\nPr\u016fm\u011br: 30 cm<\/p>\n","protected":false},"excerpt":{"rendered":"<p>Serv\u00edrovac\u00ed tal\u00ed\u0159 z kolekce Walnut tradi\u010dn\u00ed porcel\u00e1nky Villeroy &amp; Boch sv\u00fdm pr\u016fm\u011brem 30 cm umo\u017e\u0148uje univerz\u00e1ln\u00ed pou\u017eit\u00ed. A\u0165 u\u017e jej<\/p>\n","protected":false},"featured_media":9756,"template":"","meta":[],"product_brand":[153],"product_cat":[76,109],"product_tag":[],"class_list":{"0":"post-9755","1":"product","2":"type-product","3":"status-publish","4":"has-post-thumbnail","6":"product_brand-eterle-cz","7":"product_cat-porcelan","8":"product_cat-talire","10":"first","11":"instock","12":"purchasable","13":"product-type-simple"},"_links":{"self":[{"href":"https:\/\/eterle.cz\/eshop\/wp-json\/wp\/v2\/product\/9755","targetHints":{"allow":["GET"]}}],"collection":[{"href":"https:\/\/eterle.cz\/eshop\/wp-json\/wp\/v2\/product"}],"about":[{"href":"https:\/\/eterle.cz\/eshop\/wp-json\/wp\/v2\/types\/product"}],"version-history":[{"count":2,"href":"https:\/\/eterle.cz\/eshop\/wp-json\/wp\/v2\/product\/9755\/revisions"}],"predecessor-version":[{"id":31959,"href":"https:\/\/eterle.cz\/eshop\/wp-json\/wp\/v2\/product\/9755\/revisions\/31959"}],"wp:featuredmedia":[{"embeddable":true,"href":"https:\/\/eterle.cz\/eshop\/wp-json\/wp\/v2\/media\/9756"}],"wp:attachment":[{"href":"https:\/\/eterle.cz\/eshop\/wp-json\/wp\/v2\/media?parent=9755"}],"wp:term":[{"taxonomy":"product_brand","embeddable":true,"href":"https:\/\/eterle.cz\/eshop\/wp-json\/wp\/v2\/product_brand?post=9755"},{"taxonomy":"product_cat","embeddable":true,"href":"https:\/\/eterle.cz\/eshop\/wp-json\/wp\/v2\/product_cat?post=9755"},{"taxonomy":"product_tag","embeddable":true,"href":"https:\/\/eterle.cz\/eshop\/wp-json\/wp\/v2\/product_tag?post=9755"}],"curies":[{"name":"wp","href":"https:\/\/api.w.org\/{rel}","templated":true}]}}