{"id":9793,"date":"2022-07-11T22:39:53","date_gmt":"2022-07-11T20:39:53","guid":{"rendered":"https:\/\/eterle.cz\/eshop\/produkt\/salek-na-caj-thomas\/"},"modified":"2025-02-16T03:01:09","modified_gmt":"2025-02-16T02:01:09","slug":"salek-na-caj-thomas","status":"publish","type":"product","link":"https:\/\/eterle.cz\/eshop\/produkt\/salek-na-caj-thomas\/","title":{"rendered":"\u0160\u00e1lek na \u010daj \/ Thomas"},"content":{"rendered":"<p>Staro\u017eitn\u00fd hrne\u010dek na \u010daj zdoben n\u011b\u017en\u00fdmi kv\u011btinami uvnit\u0159 a zvenku v\u011bt\u0161\u00edmi pug\u00e9ty. Secesn\u00ed ou\u0161ko se zlatou linkou nese zn\u00e1mky patiny, hrne\u010dek byl u n\u011bkoho asi velmi obl\u00edben\u00fd. Pod\u0161\u00e1lek je zdoben stejn\u011b bohat\u011b jako samotn\u00fd hrne\u010dek. St\u0159ep je tenk\u00fd.<\/p>\n<p>Stav:dobr\u00fd s patinou (zlat\u00e9 linky jsou ji\u017e m\u00edsty vybledl\u00e9)<br \/>\nZna\u010dka: Thomas<br \/>\nRozm\u011br<br \/>\nObjem: 150 ml<br \/>\nPr\u016fm\u011br pod\u0161\u00e1lku: 14,5 cm<\/p>\n","protected":false},"excerpt":{"rendered":"<p>Staro\u017eitn\u00fd hrne\u010dek na \u010daj zdoben n\u011b\u017en\u00fdmi kv\u011btinami uvnit\u0159 a zvenku v\u011bt\u0161\u00edmi pug\u00e9ty. Secesn\u00ed ou\u0161ko se zlatou linkou nese zn\u00e1mky patiny,<\/p>\n","protected":false},"featured_media":9794,"template":"","meta":[],"product_brand":[153],"product_cat":[91],"product_tag":[],"class_list":{"0":"post-9793","1":"product","2":"type-product","3":"status-publish","4":"has-post-thumbnail","6":"product_brand-eterle-cz","7":"product_cat-prodane","9":"first","10":"outofstock","11":"purchasable","12":"product-type-simple"},"_links":{"self":[{"href":"https:\/\/eterle.cz\/eshop\/wp-json\/wp\/v2\/product\/9793","targetHints":{"allow":["GET"]}}],"collection":[{"href":"https:\/\/eterle.cz\/eshop\/wp-json\/wp\/v2\/product"}],"about":[{"href":"https:\/\/eterle.cz\/eshop\/wp-json\/wp\/v2\/types\/product"}],"version-history":[{"count":0,"href":"https:\/\/eterle.cz\/eshop\/wp-json\/wp\/v2\/product\/9793\/revisions"}],"wp:featuredmedia":[{"embeddable":true,"href":"https:\/\/eterle.cz\/eshop\/wp-json\/wp\/v2\/media\/9794"}],"wp:attachment":[{"href":"https:\/\/eterle.cz\/eshop\/wp-json\/wp\/v2\/media?parent=9793"}],"wp:term":[{"taxonomy":"product_brand","embeddable":true,"href":"https:\/\/eterle.cz\/eshop\/wp-json\/wp\/v2\/product_brand?post=9793"},{"taxonomy":"product_cat","embeddable":true,"href":"https:\/\/eterle.cz\/eshop\/wp-json\/wp\/v2\/product_cat?post=9793"},{"taxonomy":"product_tag","embeddable":true,"href":"https:\/\/eterle.cz\/eshop\/wp-json\/wp\/v2\/product_tag?post=9793"}],"curies":[{"name":"wp","href":"https:\/\/api.w.org\/{rel}","templated":true}]}}