{"id":9809,"date":"2022-07-11T22:44:12","date_gmt":"2022-07-11T20:44:12","guid":{"rendered":"https:\/\/eterle.cz\/eshop\/produkt\/detsky-kalisek-dr-bolito-thun-2\/"},"modified":"2025-02-16T03:01:06","modified_gmt":"2025-02-16T02:01:06","slug":"detsky-kalisek-dr-bolito-thun-2","status":"publish","type":"product","link":"https:\/\/eterle.cz\/eshop\/produkt\/detsky-kalisek-dr-bolito-thun-2\/","title":{"rendered":"D\u011btsk\u00fd kal\u00ed\u0161ek Dr. Bol\u00edto \/ Thun"},"content":{"rendered":"<p>Kal\u00ed\u0161ek s motivem doktor Bol\u00edto, kter\u00fd je obl\u00edben nejen u d\u011bt\u00ed, ale i u rodi\u010d\u016f, u kter\u00fdch vyvol\u00e1v\u00e1 vzpom\u00ednky. Kal\u00ed\u0161ek lze pou\u017e\u00edt nejen na hork\u00fd n\u00e1poj, ale t\u0159eba i do d\u011btsk\u00e9 koupleny na zubn\u00ed kart\u00e1\u010dky.<\/p>\n<p>Stav: nov\u00fd<br \/>\nZna\u010dka: Thun (nezna\u010den\u00fd)<br \/>\nRozm\u011br<br \/>\nObjem: 300 ml<\/p>\n","protected":false},"excerpt":{"rendered":"<p>Kal\u00ed\u0161ek s motivem doktor Bol\u00edto, kter\u00fd je obl\u00edben nejen u d\u011bt\u00ed, ale i u rodi\u010d\u016f, u kter\u00fdch vyvol\u00e1v\u00e1 vzpom\u00ednky. Kal\u00ed\u0161ek<\/p>\n","protected":false},"featured_media":9810,"template":"","meta":[],"product_brand":[153],"product_cat":[91],"product_tag":[],"class_list":{"0":"post-9809","1":"product","2":"type-product","3":"status-publish","4":"has-post-thumbnail","6":"product_brand-eterle-cz","7":"product_cat-prodane","9":"first","10":"outofstock","11":"purchasable","12":"product-type-simple"},"_links":{"self":[{"href":"https:\/\/eterle.cz\/eshop\/wp-json\/wp\/v2\/product\/9809","targetHints":{"allow":["GET"]}}],"collection":[{"href":"https:\/\/eterle.cz\/eshop\/wp-json\/wp\/v2\/product"}],"about":[{"href":"https:\/\/eterle.cz\/eshop\/wp-json\/wp\/v2\/types\/product"}],"version-history":[{"count":0,"href":"https:\/\/eterle.cz\/eshop\/wp-json\/wp\/v2\/product\/9809\/revisions"}],"wp:featuredmedia":[{"embeddable":true,"href":"https:\/\/eterle.cz\/eshop\/wp-json\/wp\/v2\/media\/9810"}],"wp:attachment":[{"href":"https:\/\/eterle.cz\/eshop\/wp-json\/wp\/v2\/media?parent=9809"}],"wp:term":[{"taxonomy":"product_brand","embeddable":true,"href":"https:\/\/eterle.cz\/eshop\/wp-json\/wp\/v2\/product_brand?post=9809"},{"taxonomy":"product_cat","embeddable":true,"href":"https:\/\/eterle.cz\/eshop\/wp-json\/wp\/v2\/product_cat?post=9809"},{"taxonomy":"product_tag","embeddable":true,"href":"https:\/\/eterle.cz\/eshop\/wp-json\/wp\/v2\/product_tag?post=9809"}],"curies":[{"name":"wp","href":"https:\/\/api.w.org\/{rel}","templated":true}]}}