{"id":9825,"date":"2022-07-11T22:44:12","date_gmt":"2022-07-11T20:44:12","guid":{"rendered":"https:\/\/eterle.cz\/eshop\/produkt\/hrnecek-rosenthal\/"},"modified":"2025-02-16T03:01:07","modified_gmt":"2025-02-16T02:01:07","slug":"hrnecek-rosenthal","status":"publish","type":"product","link":"https:\/\/eterle.cz\/eshop\/produkt\/hrnecek-rosenthal\/","title":{"rendered":"Hrne\u010dek \/ Rosenthal"},"content":{"rendered":"<p>Jednoduch\u00fd b\u00edl\u00fd hrnek od zna\u010dky Rosenthal bude ide\u00e1ln\u00ed pro toho, kdo m\u00e1 r\u00e1d kvalitn\u00ed porcel\u00e1n a up\u0159ednost\u0148uje minimalismus p\u0159ed bohat\u00fdm dekorem. Nav\u00edc je tento hrne\u010dek vhodn\u00fd jak na \u010daj tak t\u0159eba na cappuccino.<\/p>\n<p>Stav: nov\u00fd<br \/>\nZna\u010dka: Rosenthal<br \/>\nRozm\u011br<br \/>\nObjem: 200 ml<\/p>\n","protected":false},"excerpt":{"rendered":"<p>Jednoduch\u00fd b\u00edl\u00fd hrnek od zna\u010dky Rosenthal bude ide\u00e1ln\u00ed pro toho, kdo m\u00e1 r\u00e1d kvalitn\u00ed porcel\u00e1n a up\u0159ednost\u0148uje minimalismus p\u0159ed bohat\u00fdm<\/p>\n","protected":false},"featured_media":9826,"template":"","meta":[],"product_brand":[153],"product_cat":[91],"product_tag":[],"class_list":{"0":"post-9825","1":"product","2":"type-product","3":"status-publish","4":"has-post-thumbnail","6":"product_brand-eterle-cz","7":"product_cat-prodane","9":"first","10":"outofstock","11":"purchasable","12":"product-type-simple"},"_links":{"self":[{"href":"https:\/\/eterle.cz\/eshop\/wp-json\/wp\/v2\/product\/9825","targetHints":{"allow":["GET"]}}],"collection":[{"href":"https:\/\/eterle.cz\/eshop\/wp-json\/wp\/v2\/product"}],"about":[{"href":"https:\/\/eterle.cz\/eshop\/wp-json\/wp\/v2\/types\/product"}],"version-history":[{"count":0,"href":"https:\/\/eterle.cz\/eshop\/wp-json\/wp\/v2\/product\/9825\/revisions"}],"wp:featuredmedia":[{"embeddable":true,"href":"https:\/\/eterle.cz\/eshop\/wp-json\/wp\/v2\/media\/9826"}],"wp:attachment":[{"href":"https:\/\/eterle.cz\/eshop\/wp-json\/wp\/v2\/media?parent=9825"}],"wp:term":[{"taxonomy":"product_brand","embeddable":true,"href":"https:\/\/eterle.cz\/eshop\/wp-json\/wp\/v2\/product_brand?post=9825"},{"taxonomy":"product_cat","embeddable":true,"href":"https:\/\/eterle.cz\/eshop\/wp-json\/wp\/v2\/product_cat?post=9825"},{"taxonomy":"product_tag","embeddable":true,"href":"https:\/\/eterle.cz\/eshop\/wp-json\/wp\/v2\/product_tag?post=9825"}],"curies":[{"name":"wp","href":"https:\/\/api.w.org\/{rel}","templated":true}]}}