{"id":9829,"date":"2022-07-11T22:44:42","date_gmt":"2022-07-11T20:44:42","guid":{"rendered":"https:\/\/eterle.cz\/eshop\/produkt\/porcelanove-kalisky-csa\/"},"modified":"2025-02-16T03:01:04","modified_gmt":"2025-02-16T02:01:04","slug":"porcelanove-kalisky-csa","status":"publish","type":"product","link":"https:\/\/eterle.cz\/eshop\/produkt\/porcelanove-kalisky-csa\/","title":{"rendered":"Porcel\u00e1nov\u00fd kal\u00ed\u0161ek\/ CSA"},"content":{"rendered":"<p>Multifunk\u010dn\u00ed porcel\u00e1nov\u00fd kal\u00ed\u0161ek vyroben v \u010cech\u00e1ch dle n\u00e1vrhu \u0161v\u00e9dsk\u00e9 design\u00e9rky Carin Seth Anderssonov\u00e9 v minimalistick\u00e9m modern\u00edm tvaru, lze vyu\u017e\u00edt jako miska na o\u0159\u00ed\u0161ky nebo na mal\u00fd dezert. Pokud jej obr\u00e1t\u00edte, lze jej pou\u017e\u00edt i jako sv\u00edcen.<\/p>\n<p style=\"margin: 0cm;\">Stav: nov\u00fd<\/p>\n<p style=\"margin: 0cm;\">Zna\u010dka: Carina Seth Andersson<\/p>\n<p style=\"margin: 0cm;\">Rozm\u011br<\/p>\n<p style=\"margin: 0cm;\">Hloubka kal\u00ed\u0161ku: 6,5 cm<\/p>\n<p style=\"margin: 0cm;\">Pr\u016fm\u011br: 8 cm<\/p>\n<p style=\"margin: 0cm;\">V\u00fd\u0161ka celkov\u00e1: 10 cm<\/p>\n<p style=\"margin: 0cm;\">Objem: 280 ml<\/p>\n","protected":false},"excerpt":{"rendered":"<p>Multifunk\u010dn\u00ed porcel\u00e1nov\u00fd kal\u00ed\u0161ek vyroben v \u010cech\u00e1ch dle n\u00e1vrhu \u0161v\u00e9dsk\u00e9 design\u00e9rky Carin Seth Anderssonov\u00e9 v minimalistick\u00e9m modern\u00edm tvaru, lze vyu\u017e\u00edt jako<\/p>\n","protected":false},"featured_media":9830,"template":"","meta":[],"product_brand":[153],"product_cat":[91],"product_tag":[],"class_list":{"0":"post-9829","1":"product","2":"type-product","3":"status-publish","4":"has-post-thumbnail","6":"product_brand-eterle-cz","7":"product_cat-prodane","9":"first","10":"outofstock","11":"purchasable","12":"product-type-simple"},"_links":{"self":[{"href":"https:\/\/eterle.cz\/eshop\/wp-json\/wp\/v2\/product\/9829","targetHints":{"allow":["GET"]}}],"collection":[{"href":"https:\/\/eterle.cz\/eshop\/wp-json\/wp\/v2\/product"}],"about":[{"href":"https:\/\/eterle.cz\/eshop\/wp-json\/wp\/v2\/types\/product"}],"version-history":[{"count":1,"href":"https:\/\/eterle.cz\/eshop\/wp-json\/wp\/v2\/product\/9829\/revisions"}],"predecessor-version":[{"id":12769,"href":"https:\/\/eterle.cz\/eshop\/wp-json\/wp\/v2\/product\/9829\/revisions\/12769"}],"wp:featuredmedia":[{"embeddable":true,"href":"https:\/\/eterle.cz\/eshop\/wp-json\/wp\/v2\/media\/9830"}],"wp:attachment":[{"href":"https:\/\/eterle.cz\/eshop\/wp-json\/wp\/v2\/media?parent=9829"}],"wp:term":[{"taxonomy":"product_brand","embeddable":true,"href":"https:\/\/eterle.cz\/eshop\/wp-json\/wp\/v2\/product_brand?post=9829"},{"taxonomy":"product_cat","embeddable":true,"href":"https:\/\/eterle.cz\/eshop\/wp-json\/wp\/v2\/product_cat?post=9829"},{"taxonomy":"product_tag","embeddable":true,"href":"https:\/\/eterle.cz\/eshop\/wp-json\/wp\/v2\/product_tag?post=9829"}],"curies":[{"name":"wp","href":"https:\/\/api.w.org\/{rel}","templated":true}]}}