{"id":9849,"date":"2022-07-11T22:45:13","date_gmt":"2022-07-11T20:45:13","guid":{"rendered":"https:\/\/eterle.cz\/eshop\/produkt\/hrnecek-velky-ende-neznacene\/"},"modified":"2025-02-16T03:01:03","modified_gmt":"2025-02-16T02:01:03","slug":"hrnecek-velky-ende-neznacene","status":"publish","type":"product","link":"https:\/\/eterle.cz\/eshop\/produkt\/hrnecek-velky-ende-neznacene\/","title":{"rendered":"Hrne\u010dek (velk\u00fd) \/ Ende (nezna\u010den\u00e9)"},"content":{"rendered":"<p>\u0160\u00e1lek smetanov\u00e9 barvy na b\u00e1zi p\u0159edv\u00e1le\u010dn\u00fdch porcel\u00e1nov\u00fdch panenek nab\u00edzej\u00ed mimo\u0159\u00e1dnou sm\u011bs klasick\u00e9 elegance a \u0161okuj\u00edc\u00ed hr\u016fzy. Rozhodn\u011b tedy nez\u016fstanou bez pov\u0161imnut\u00ed. Skv\u011ble se hod\u00ed jako neobvykl\u00fd objekt \/ socha na poli\u010dku nebo jako origin\u00e1ln\u00ed d\u00e1rek.<\/p>\n<p>Stav: nov\u00fd<br \/>\nZna\u010dka: Ende (nezna\u010den\u00e9)<br \/>\nRozm\u011br<br \/>\nObjem: 170 ml<\/p>\n","protected":false},"excerpt":{"rendered":"<p>\u0160\u00e1lek smetanov\u00e9 barvy na b\u00e1zi p\u0159edv\u00e1le\u010dn\u00fdch porcel\u00e1nov\u00fdch panenek nab\u00edzej\u00ed mimo\u0159\u00e1dnou sm\u011bs klasick\u00e9 elegance a \u0161okuj\u00edc\u00ed hr\u016fzy. Rozhodn\u011b tedy nez\u016fstanou bez<\/p>\n","protected":false},"featured_media":9850,"template":"","meta":[],"product_brand":[153],"product_cat":[91],"product_tag":[],"class_list":{"0":"post-9849","1":"product","2":"type-product","3":"status-publish","4":"has-post-thumbnail","6":"product_brand-eterle-cz","7":"product_cat-prodane","9":"first","10":"outofstock","11":"purchasable","12":"product-type-simple"},"_links":{"self":[{"href":"https:\/\/eterle.cz\/eshop\/wp-json\/wp\/v2\/product\/9849","targetHints":{"allow":["GET"]}}],"collection":[{"href":"https:\/\/eterle.cz\/eshop\/wp-json\/wp\/v2\/product"}],"about":[{"href":"https:\/\/eterle.cz\/eshop\/wp-json\/wp\/v2\/types\/product"}],"version-history":[{"count":0,"href":"https:\/\/eterle.cz\/eshop\/wp-json\/wp\/v2\/product\/9849\/revisions"}],"wp:featuredmedia":[{"embeddable":true,"href":"https:\/\/eterle.cz\/eshop\/wp-json\/wp\/v2\/media\/9850"}],"wp:attachment":[{"href":"https:\/\/eterle.cz\/eshop\/wp-json\/wp\/v2\/media?parent=9849"}],"wp:term":[{"taxonomy":"product_brand","embeddable":true,"href":"https:\/\/eterle.cz\/eshop\/wp-json\/wp\/v2\/product_brand?post=9849"},{"taxonomy":"product_cat","embeddable":true,"href":"https:\/\/eterle.cz\/eshop\/wp-json\/wp\/v2\/product_cat?post=9849"},{"taxonomy":"product_tag","embeddable":true,"href":"https:\/\/eterle.cz\/eshop\/wp-json\/wp\/v2\/product_tag?post=9849"}],"curies":[{"name":"wp","href":"https:\/\/api.w.org\/{rel}","templated":true}]}}