{"id":9855,"date":"2022-07-11T22:45:13","date_gmt":"2022-07-11T20:45:13","guid":{"rendered":"https:\/\/eterle.cz\/eshop\/produkt\/sada-dezertnich-talirku-villeroy-boch\/"},"modified":"2025-06-24T01:51:41","modified_gmt":"2025-06-23T23:51:41","slug":"sada-dezertnich-talirku-villeroy-boch","status":"publish","type":"product","link":"https:\/\/eterle.cz\/eshop\/produkt\/sada-dezertnich-talirku-villeroy-boch\/","title":{"rendered":"Sada dezertn\u00edch tal\u00ed\u0159k\u016f \/ Villeroy Boch"},"content":{"rendered":"<p>Sada dezertn\u00edch tal\u00ed\u0159k\u016f s klasick\u00fdm cibul\u00e1kov\u00fdm vzorem od sv\u011btozn\u00e1m\u00e9 n\u011bmeck\u00e9 porcel\u00e1nky Villeroy Boch.<\/p>\n<p>Stav: dobr\u00fd. Dva tal\u00ed\u0159ky maj\u00ed zn\u00e1mky krakenace, jeden m\u00e1 milimetrov\u00fd o\u0165uk na lemu<br \/>\nZna\u010dka: Villeroy Boch<br \/>\nRozm\u011br<br \/>\nPr\u016fm\u011br: 15 cm<\/p>\n","protected":false},"excerpt":{"rendered":"<p>Sada dezertn\u00edch tal\u00ed\u0159k\u016f s klasick\u00fdm cibul\u00e1kov\u00fdm vzorem od sv\u011btozn\u00e1m\u00e9 n\u011bmeck\u00e9 porcel\u00e1nky Villeroy Boch. Stav: dobr\u00fd. Dva tal\u00ed\u0159ky maj\u00ed zn\u00e1mky krakenace,<\/p>\n","protected":false},"featured_media":9856,"template":"","meta":[],"product_brand":[153],"product_cat":[76,109,111],"product_tag":[],"class_list":{"0":"post-9855","1":"product","2":"type-product","3":"status-publish","4":"has-post-thumbnail","6":"product_brand-eterle-cz","7":"product_cat-porcelan","8":"product_cat-talire","9":"product_cat-porcelanove-sady","11":"first","12":"instock","13":"purchasable","14":"product-type-simple"},"_links":{"self":[{"href":"https:\/\/eterle.cz\/eshop\/wp-json\/wp\/v2\/product\/9855","targetHints":{"allow":["GET"]}}],"collection":[{"href":"https:\/\/eterle.cz\/eshop\/wp-json\/wp\/v2\/product"}],"about":[{"href":"https:\/\/eterle.cz\/eshop\/wp-json\/wp\/v2\/types\/product"}],"version-history":[{"count":2,"href":"https:\/\/eterle.cz\/eshop\/wp-json\/wp\/v2\/product\/9855\/revisions"}],"predecessor-version":[{"id":26068,"href":"https:\/\/eterle.cz\/eshop\/wp-json\/wp\/v2\/product\/9855\/revisions\/26068"}],"wp:featuredmedia":[{"embeddable":true,"href":"https:\/\/eterle.cz\/eshop\/wp-json\/wp\/v2\/media\/9856"}],"wp:attachment":[{"href":"https:\/\/eterle.cz\/eshop\/wp-json\/wp\/v2\/media?parent=9855"}],"wp:term":[{"taxonomy":"product_brand","embeddable":true,"href":"https:\/\/eterle.cz\/eshop\/wp-json\/wp\/v2\/product_brand?post=9855"},{"taxonomy":"product_cat","embeddable":true,"href":"https:\/\/eterle.cz\/eshop\/wp-json\/wp\/v2\/product_cat?post=9855"},{"taxonomy":"product_tag","embeddable":true,"href":"https:\/\/eterle.cz\/eshop\/wp-json\/wp\/v2\/product_tag?post=9855"}],"curies":[{"name":"wp","href":"https:\/\/api.w.org\/{rel}","templated":true}]}}