{"id":9865,"date":"2022-07-11T22:45:13","date_gmt":"2022-07-11T20:45:13","guid":{"rendered":"https:\/\/eterle.cz\/eshop\/produkt\/dezertni-talirky-pro-6-osob-arzberg\/"},"modified":"2025-02-16T03:01:04","modified_gmt":"2025-02-16T02:01:04","slug":"dezertni-talirky-pro-6-osob-arzberg","status":"publish","type":"product","link":"https:\/\/eterle.cz\/eshop\/produkt\/dezertni-talirky-pro-6-osob-arzberg\/","title":{"rendered":"Dezertn\u00ed tal\u00ed\u0159ky pro 6 osob \/ Arzberg"},"content":{"rendered":"<p>Sada dezertn\u00edch tal\u00ed\u0159k\u016f v kr\u00e1sn\u00e9m barevn\u00e9 kombinaci tmav\u011bmodr\u00e9 s hn\u011bdou. Vzor evokuje lidov\u00e9 kresby v modern\u00edm pojet\u00ed. Arzberg je celosv\u011btov\u011b cen\u011bn jako designov\u00e1 zna\u010dka porcel\u00e1nu, kter\u00e1 p\u0159edstavuje estetiku, funk\u010dnost a odolnost.<\/p>\n<p>Stav: nov\u00fd<br \/>\nZna\u010dka: Arzberg<br \/>\nRozm\u011br<br \/>\nPr\u016fm\u011br: 18,5 cm<\/p>\n","protected":false},"excerpt":{"rendered":"<p>Sada dezertn\u00edch tal\u00ed\u0159k\u016f v kr\u00e1sn\u00e9m barevn\u00e9 kombinaci tmav\u011bmodr\u00e9 s hn\u011bdou. Vzor evokuje lidov\u00e9 kresby v modern\u00edm pojet\u00ed. Arzberg je celosv\u011btov\u011b<\/p>\n","protected":false},"featured_media":9866,"template":"","meta":[],"product_brand":[153],"product_cat":[91],"product_tag":[],"class_list":{"0":"post-9865","1":"product","2":"type-product","3":"status-publish","4":"has-post-thumbnail","6":"product_brand-eterle-cz","7":"product_cat-prodane","9":"first","10":"outofstock","11":"purchasable","12":"product-type-simple"},"_links":{"self":[{"href":"https:\/\/eterle.cz\/eshop\/wp-json\/wp\/v2\/product\/9865","targetHints":{"allow":["GET"]}}],"collection":[{"href":"https:\/\/eterle.cz\/eshop\/wp-json\/wp\/v2\/product"}],"about":[{"href":"https:\/\/eterle.cz\/eshop\/wp-json\/wp\/v2\/types\/product"}],"version-history":[{"count":0,"href":"https:\/\/eterle.cz\/eshop\/wp-json\/wp\/v2\/product\/9865\/revisions"}],"wp:featuredmedia":[{"embeddable":true,"href":"https:\/\/eterle.cz\/eshop\/wp-json\/wp\/v2\/media\/9866"}],"wp:attachment":[{"href":"https:\/\/eterle.cz\/eshop\/wp-json\/wp\/v2\/media?parent=9865"}],"wp:term":[{"taxonomy":"product_brand","embeddable":true,"href":"https:\/\/eterle.cz\/eshop\/wp-json\/wp\/v2\/product_brand?post=9865"},{"taxonomy":"product_cat","embeddable":true,"href":"https:\/\/eterle.cz\/eshop\/wp-json\/wp\/v2\/product_cat?post=9865"},{"taxonomy":"product_tag","embeddable":true,"href":"https:\/\/eterle.cz\/eshop\/wp-json\/wp\/v2\/product_tag?post=9865"}],"curies":[{"name":"wp","href":"https:\/\/api.w.org\/{rel}","templated":true}]}}