{"id":9870,"date":"2022-07-11T22:45:49","date_gmt":"2022-07-11T20:45:49","guid":{"rendered":"https:\/\/eterle.cz\/eshop\/produkt\/porcelanovy-podtacek-benedikt\/"},"modified":"2025-06-24T01:51:40","modified_gmt":"2025-06-23T23:51:40","slug":"porcelanovy-podtacek-benedikt","status":"publish","type":"product","link":"https:\/\/eterle.cz\/eshop\/produkt\/porcelanovy-podtacek-benedikt\/","title":{"rendered":"Porcel\u00e1nov\u00fd podt\u00e1cek \/ Benedikt"},"content":{"rendered":"<p>Porcel\u00e1nov\u00e9 pivn\u00ed t\u00e1cky pat\u0159\u00ed ji\u017e od poloviny 19. stolet\u00ed k tradi\u010dn\u00ed konzumaci piva. T\u00e1cky pod pivn\u00ed pulitry z produkce Benedikt jsou ru\u010dn\u011b vyr\u00e1b\u011bny z kvalitn\u00edho porcel\u00e1nu a maj\u00ed tradi\u010dn\u00ed l\u00e9ty prov\u011b\u0159en\u00fd design. Vyu\u017e\u00edt se daj\u00ed ale i pod hork\u00fd hrnec.<\/p>\n<p>Stav: nov\u00fd<br \/>\nZna\u010dka: Benedikt<br \/>\nRozm\u011br<br \/>\nPr\u016fm\u011br: 12 cm<\/p>\n","protected":false},"excerpt":{"rendered":"<p>Porcel\u00e1nov\u00e9 pivn\u00ed t\u00e1cky pat\u0159\u00ed ji\u017e od poloviny 19. stolet\u00ed k tradi\u010dn\u00ed konzumaci piva. T\u00e1cky pod pivn\u00ed pulitry z produkce Benedikt<\/p>\n","protected":false},"featured_media":9871,"template":"","meta":[],"product_brand":[153],"product_cat":[76,113],"product_tag":[],"class_list":{"0":"post-9870","1":"product","2":"type-product","3":"status-publish","4":"has-post-thumbnail","6":"product_brand-eterle-cz","7":"product_cat-porcelan","8":"product_cat-ostatni","10":"first","11":"instock","12":"purchasable","13":"product-type-simple"},"_links":{"self":[{"href":"https:\/\/eterle.cz\/eshop\/wp-json\/wp\/v2\/product\/9870","targetHints":{"allow":["GET"]}}],"collection":[{"href":"https:\/\/eterle.cz\/eshop\/wp-json\/wp\/v2\/product"}],"about":[{"href":"https:\/\/eterle.cz\/eshop\/wp-json\/wp\/v2\/types\/product"}],"version-history":[{"count":1,"href":"https:\/\/eterle.cz\/eshop\/wp-json\/wp\/v2\/product\/9870\/revisions"}],"predecessor-version":[{"id":26067,"href":"https:\/\/eterle.cz\/eshop\/wp-json\/wp\/v2\/product\/9870\/revisions\/26067"}],"wp:featuredmedia":[{"embeddable":true,"href":"https:\/\/eterle.cz\/eshop\/wp-json\/wp\/v2\/media\/9871"}],"wp:attachment":[{"href":"https:\/\/eterle.cz\/eshop\/wp-json\/wp\/v2\/media?parent=9870"}],"wp:term":[{"taxonomy":"product_brand","embeddable":true,"href":"https:\/\/eterle.cz\/eshop\/wp-json\/wp\/v2\/product_brand?post=9870"},{"taxonomy":"product_cat","embeddable":true,"href":"https:\/\/eterle.cz\/eshop\/wp-json\/wp\/v2\/product_cat?post=9870"},{"taxonomy":"product_tag","embeddable":true,"href":"https:\/\/eterle.cz\/eshop\/wp-json\/wp\/v2\/product_tag?post=9870"}],"curies":[{"name":"wp","href":"https:\/\/api.w.org\/{rel}","templated":true}]}}