{"id":9892,"date":"2022-07-11T22:46:24","date_gmt":"2022-07-11T20:46:24","guid":{"rendered":"https:\/\/eterle.cz\/eshop\/produkt\/sada-chaluparskych-taliru-pro-6-ososb-ditmar-urbach\/"},"modified":"2025-02-16T03:01:00","modified_gmt":"2025-02-16T02:01:00","slug":"sada-chaluparskych-taliru-pro-6-ososb-ditmar-urbach","status":"publish","type":"product","link":"https:\/\/eterle.cz\/eshop\/produkt\/sada-chaluparskych-taliru-pro-6-ososb-ditmar-urbach\/","title":{"rendered":"Sada chalup\u00e1\u0159sk\u00fdch tal\u00ed\u0159\u016f pro 6 ososb \/ Ditmar Urbach"},"content":{"rendered":"<p>Chalup\u00e1\u0159i velmi \u017e\u00e1dan\u00fd tlustost\u011bnn\u00fd porcel\u00e1n. Nej\u010dast\u011bji se tento typ tal\u00ed\u0159\u016f objevuje v b\u00e9l\u00e9m proveden\u00ed. Tato sada je v barv\u011b slonov\u00e9 kosti s dekorem kv\u011btin po obvodu.<\/p>\n<p>Stav: velmi dobr\u00fd, odpov\u00eddaj\u00edc\u00ed dan\u00e9mu typu porcel\u00e1nu<br \/>\nZna\u010dka: Ditmar Urbach<br \/>\nRozm\u011br<br \/>\nPr\u016fm\u011br j\u00eddeln\u00edho tal\u00ed\u0159e: 23 cm<br \/>\nPr\u016fm\u011br dezertn\u00edho tal\u00ed\u0159e: 18 cm<\/p>\n","protected":false},"excerpt":{"rendered":"<p>Chalup\u00e1\u0159i velmi \u017e\u00e1dan\u00fd tlustost\u011bnn\u00fd porcel\u00e1n. Nej\u010dast\u011bji se tento typ tal\u00ed\u0159\u016f objevuje v b\u00e9l\u00e9m proveden\u00ed. Tato sada je v barv\u011b slonov\u00e9<\/p>\n","protected":false},"featured_media":9893,"template":"","meta":[],"product_brand":[153],"product_cat":[91],"product_tag":[],"class_list":{"0":"post-9892","1":"product","2":"type-product","3":"status-publish","4":"has-post-thumbnail","6":"product_brand-eterle-cz","7":"product_cat-prodane","9":"first","10":"outofstock","11":"purchasable","12":"product-type-simple"},"_links":{"self":[{"href":"https:\/\/eterle.cz\/eshop\/wp-json\/wp\/v2\/product\/9892","targetHints":{"allow":["GET"]}}],"collection":[{"href":"https:\/\/eterle.cz\/eshop\/wp-json\/wp\/v2\/product"}],"about":[{"href":"https:\/\/eterle.cz\/eshop\/wp-json\/wp\/v2\/types\/product"}],"version-history":[{"count":0,"href":"https:\/\/eterle.cz\/eshop\/wp-json\/wp\/v2\/product\/9892\/revisions"}],"wp:featuredmedia":[{"embeddable":true,"href":"https:\/\/eterle.cz\/eshop\/wp-json\/wp\/v2\/media\/9893"}],"wp:attachment":[{"href":"https:\/\/eterle.cz\/eshop\/wp-json\/wp\/v2\/media?parent=9892"}],"wp:term":[{"taxonomy":"product_brand","embeddable":true,"href":"https:\/\/eterle.cz\/eshop\/wp-json\/wp\/v2\/product_brand?post=9892"},{"taxonomy":"product_cat","embeddable":true,"href":"https:\/\/eterle.cz\/eshop\/wp-json\/wp\/v2\/product_cat?post=9892"},{"taxonomy":"product_tag","embeddable":true,"href":"https:\/\/eterle.cz\/eshop\/wp-json\/wp\/v2\/product_tag?post=9892"}],"curies":[{"name":"wp","href":"https:\/\/api.w.org\/{rel}","templated":true}]}}