{"id":9928,"date":"2022-07-11T22:46:57","date_gmt":"2022-07-11T20:46:57","guid":{"rendered":"https:\/\/eterle.cz\/eshop\/produkt\/miska-z-hutniho-skla\/"},"modified":"2025-02-16T03:01:00","modified_gmt":"2025-02-16T02:01:00","slug":"miska-z-hutniho-skla","status":"publish","type":"product","link":"https:\/\/eterle.cz\/eshop\/produkt\/miska-z-hutniho-skla\/","title":{"rendered":"Miska z hutn\u00edho skla"},"content":{"rendered":"<p>Miska z hutn\u00edho skla, kter\u00e1 se d\u00e1 kr\u00e1sn\u011b vyu\u017e\u00edt na \u0161perky je p\u016fvodn\u00edm zam\u011b\u0159en\u00edm nejsp\u00ed\u0161 popeln\u00edk. Hraje kr\u00e1sn\u011b barvami, podle toho, jak ji zrovna nato\u010d\u00edte nebo jak na ni dopad\u00e1 sv\u011btlo, m\u011bn\u00ed odst\u00edny.<\/p>\n<p>Stav: velmi dobr\u00fd<br \/>\nRozm\u011br<br \/>\nV\u00fd\u0161ka: 6,5 cm<br \/>\nD\u00e9lka: 16 cm<br \/>\n\u0160\u00ed\u0159ka: 8 cm<\/p>\n","protected":false},"excerpt":{"rendered":"<p>Miska z hutn\u00edho skla, kter\u00e1 se d\u00e1 kr\u00e1sn\u011b vyu\u017e\u00edt na \u0161perky je p\u016fvodn\u00edm zam\u011b\u0159en\u00edm nejsp\u00ed\u0161 popeln\u00edk. Hraje kr\u00e1sn\u011b barvami, podle<\/p>\n","protected":false},"featured_media":9929,"template":"","meta":[],"product_brand":[153],"product_cat":[91],"product_tag":[],"class_list":{"0":"post-9928","1":"product","2":"type-product","3":"status-publish","4":"has-post-thumbnail","6":"product_brand-eterle-cz","7":"product_cat-prodane","9":"first","10":"outofstock","11":"purchasable","12":"product-type-simple"},"_links":{"self":[{"href":"https:\/\/eterle.cz\/eshop\/wp-json\/wp\/v2\/product\/9928","targetHints":{"allow":["GET"]}}],"collection":[{"href":"https:\/\/eterle.cz\/eshop\/wp-json\/wp\/v2\/product"}],"about":[{"href":"https:\/\/eterle.cz\/eshop\/wp-json\/wp\/v2\/types\/product"}],"version-history":[{"count":0,"href":"https:\/\/eterle.cz\/eshop\/wp-json\/wp\/v2\/product\/9928\/revisions"}],"wp:featuredmedia":[{"embeddable":true,"href":"https:\/\/eterle.cz\/eshop\/wp-json\/wp\/v2\/media\/9929"}],"wp:attachment":[{"href":"https:\/\/eterle.cz\/eshop\/wp-json\/wp\/v2\/media?parent=9928"}],"wp:term":[{"taxonomy":"product_brand","embeddable":true,"href":"https:\/\/eterle.cz\/eshop\/wp-json\/wp\/v2\/product_brand?post=9928"},{"taxonomy":"product_cat","embeddable":true,"href":"https:\/\/eterle.cz\/eshop\/wp-json\/wp\/v2\/product_cat?post=9928"},{"taxonomy":"product_tag","embeddable":true,"href":"https:\/\/eterle.cz\/eshop\/wp-json\/wp\/v2\/product_tag?post=9928"}],"curies":[{"name":"wp","href":"https:\/\/api.w.org\/{rel}","templated":true}]}}