{"id":9950,"date":"2022-07-11T22:47:28","date_gmt":"2022-07-11T20:47:28","guid":{"rendered":"https:\/\/eterle.cz\/eshop\/produkt\/cise-na-vino\/"},"modified":"2025-02-16T03:00:58","modified_gmt":"2025-02-16T02:00:58","slug":"cise-na-vino","status":"publish","type":"product","link":"https:\/\/eterle.cz\/eshop\/produkt\/cise-na-vino\/","title":{"rendered":"\u010c\u00ed\u0161e na v\u00edno"},"content":{"rendered":"<p style=\"text-align: left;\">Ob\u0159\u00ed \u010d\u00ed\u0161e na v\u00edno vhodn\u00e9 t\u0159eba jako svatebn\u00ed dar na p\u0159\u00edpitek pro novoman\u017eele. Jednoduch\u00fd tvar s kubistickou nohou a slavnostn\u00edm zlat\u00fdm lemem. Sv\u00fdm designem neuraz\u00ed asi \u010dlov\u011bka s jak\u00fdmkoliv vkusem.<\/p>\n<p>Stav:perfektn\u00ed<br \/>\nRozm\u011br<br \/>\nObjem: 500 ml<br \/>\nV\u00fd\u0161ka: 23 cm<\/p>\n","protected":false},"excerpt":{"rendered":"<p>Ob\u0159\u00ed \u010d\u00ed\u0161e na v\u00edno vhodn\u00e9 t\u0159eba jako svatebn\u00ed dar na p\u0159\u00edpitek pro novoman\u017eele. Jednoduch\u00fd tvar s kubistickou nohou a slavnostn\u00edm<\/p>\n","protected":false},"featured_media":9951,"template":"","meta":[],"product_brand":[153],"product_cat":[91],"product_tag":[],"class_list":{"0":"post-9950","1":"product","2":"type-product","3":"status-publish","4":"has-post-thumbnail","6":"product_brand-eterle-cz","7":"product_cat-prodane","9":"first","10":"outofstock","11":"purchasable","12":"product-type-simple"},"_links":{"self":[{"href":"https:\/\/eterle.cz\/eshop\/wp-json\/wp\/v2\/product\/9950","targetHints":{"allow":["GET"]}}],"collection":[{"href":"https:\/\/eterle.cz\/eshop\/wp-json\/wp\/v2\/product"}],"about":[{"href":"https:\/\/eterle.cz\/eshop\/wp-json\/wp\/v2\/types\/product"}],"version-history":[{"count":0,"href":"https:\/\/eterle.cz\/eshop\/wp-json\/wp\/v2\/product\/9950\/revisions"}],"wp:featuredmedia":[{"embeddable":true,"href":"https:\/\/eterle.cz\/eshop\/wp-json\/wp\/v2\/media\/9951"}],"wp:attachment":[{"href":"https:\/\/eterle.cz\/eshop\/wp-json\/wp\/v2\/media?parent=9950"}],"wp:term":[{"taxonomy":"product_brand","embeddable":true,"href":"https:\/\/eterle.cz\/eshop\/wp-json\/wp\/v2\/product_brand?post=9950"},{"taxonomy":"product_cat","embeddable":true,"href":"https:\/\/eterle.cz\/eshop\/wp-json\/wp\/v2\/product_cat?post=9950"},{"taxonomy":"product_tag","embeddable":true,"href":"https:\/\/eterle.cz\/eshop\/wp-json\/wp\/v2\/product_tag?post=9950"}],"curies":[{"name":"wp","href":"https:\/\/api.w.org\/{rel}","templated":true}]}}