{"id":9955,"date":"2022-07-11T22:48:10","date_gmt":"2022-07-11T20:48:10","guid":{"rendered":"https:\/\/eterle.cz\/eshop\/produkt\/sada-5-sklenic-se-stromem-velke\/"},"modified":"2025-03-13T20:53:47","modified_gmt":"2025-03-13T19:53:47","slug":"sada-5-sklenic-se-stromem-velke","status":"publish","type":"product","link":"https:\/\/eterle.cz\/eshop\/produkt\/sada-5-sklenic-se-stromem-velke\/","title":{"rendered":"Sada 5 sklenic se stromem (velk\u00e9)"},"content":{"rendered":"<p>Sada minimalistick\u00fdch sklenic decentn\u011b zdobena t\u0159emi zlat\u00fdmi stromy, kter\u00e9 p\u016fsob\u00ed tenounce jak pavu\u010dina. V dost\u00e1n\u00ed i v men\u0161\u00ed velikosti. V podobn\u00e9m dekoru m\u00e1me nav\u00edc porcel\u00e1novou sadu na \u010daj a pol\u00e9vkovou m\u00edsu z porcel\u00e1nyk Lou\u010dky.<\/p>\n<p>Stav: velmi dobr\u00fd<br \/>\nRozm\u011br<br \/>\nObjem: 250 ml<\/p>\n","protected":false},"excerpt":{"rendered":"<p>Sada minimalistick\u00fdch sklenic decentn\u011b zdobena t\u0159emi zlat\u00fdmi stromy, kter\u00e9 p\u016fsob\u00ed tenounce jak pavu\u010dina. V dost\u00e1n\u00ed i v men\u0161\u00ed velikosti. V<\/p>\n","protected":false},"featured_media":9956,"template":"","meta":[],"product_brand":[153],"product_cat":[91],"product_tag":[],"class_list":{"0":"post-9955","1":"product","2":"type-product","3":"status-publish","4":"has-post-thumbnail","6":"product_brand-eterle-cz","7":"product_cat-prodane","9":"first","10":"outofstock","11":"purchasable","12":"product-type-simple"},"_links":{"self":[{"href":"https:\/\/eterle.cz\/eshop\/wp-json\/wp\/v2\/product\/9955","targetHints":{"allow":["GET"]}}],"collection":[{"href":"https:\/\/eterle.cz\/eshop\/wp-json\/wp\/v2\/product"}],"about":[{"href":"https:\/\/eterle.cz\/eshop\/wp-json\/wp\/v2\/types\/product"}],"version-history":[{"count":0,"href":"https:\/\/eterle.cz\/eshop\/wp-json\/wp\/v2\/product\/9955\/revisions"}],"wp:featuredmedia":[{"embeddable":true,"href":"https:\/\/eterle.cz\/eshop\/wp-json\/wp\/v2\/media\/9956"}],"wp:attachment":[{"href":"https:\/\/eterle.cz\/eshop\/wp-json\/wp\/v2\/media?parent=9955"}],"wp:term":[{"taxonomy":"product_brand","embeddable":true,"href":"https:\/\/eterle.cz\/eshop\/wp-json\/wp\/v2\/product_brand?post=9955"},{"taxonomy":"product_cat","embeddable":true,"href":"https:\/\/eterle.cz\/eshop\/wp-json\/wp\/v2\/product_cat?post=9955"},{"taxonomy":"product_tag","embeddable":true,"href":"https:\/\/eterle.cz\/eshop\/wp-json\/wp\/v2\/product_tag?post=9955"}],"curies":[{"name":"wp","href":"https:\/\/api.w.org\/{rel}","templated":true}]}}