{"id":9960,"date":"2022-07-11T22:48:10","date_gmt":"2022-07-11T20:48:10","guid":{"rendered":"https:\/\/eterle.cz\/eshop\/produkt\/sada-5-sklenic-se-stromem-male\/"},"modified":"2025-06-24T01:51:39","modified_gmt":"2025-06-23T23:51:39","slug":"sada-5-sklenic-se-stromem-male","status":"publish","type":"product","link":"https:\/\/eterle.cz\/eshop\/produkt\/sada-5-sklenic-se-stromem-male\/","title":{"rendered":"Sada 5 sklenic se stromem (mal\u00e9)"},"content":{"rendered":"<p>Sada minimalistick\u00fdch sklenic decentn\u011b zdobena t\u0159emi zlat\u00fdmi stromy, kter\u00e9 p\u016fsob\u00ed tenounce jak pavu\u010dina. V dost\u00e1n\u00ed i ve v\u011bt\u0161\u00ed velikosti. V podobn\u00e9m dekoru m\u00e1me nav\u00edc porcel\u00e1novou sadu na \u010daj a pol\u00e9vkovou m\u00edsu z porcel\u00e1nyk Lou\u010dky.<\/p>\n<p>Stav: velmi dobr\u00fd<br \/>\nRozm\u011br<br \/>\nObjem: 150 ml<\/p>\n","protected":false},"excerpt":{"rendered":"<p>Sada minimalistick\u00fdch sklenic decentn\u011b zdobena t\u0159emi zlat\u00fdmi stromy, kter\u00e9 p\u016fsob\u00ed tenounce jak pavu\u010dina. V dost\u00e1n\u00ed i ve v\u011bt\u0161\u00ed velikosti. V<\/p>\n","protected":false},"featured_media":9961,"template":"","meta":[],"product_brand":[153],"product_cat":[75,134],"product_tag":[],"class_list":{"0":"post-9960","1":"product","2":"type-product","3":"status-publish","4":"has-post-thumbnail","6":"product_brand-eterle-cz","7":"product_cat-sklo","8":"product_cat-sklenice","10":"first","11":"instock","12":"purchasable","13":"product-type-simple"},"_links":{"self":[{"href":"https:\/\/eterle.cz\/eshop\/wp-json\/wp\/v2\/product\/9960","targetHints":{"allow":["GET"]}}],"collection":[{"href":"https:\/\/eterle.cz\/eshop\/wp-json\/wp\/v2\/product"}],"about":[{"href":"https:\/\/eterle.cz\/eshop\/wp-json\/wp\/v2\/types\/product"}],"version-history":[{"count":1,"href":"https:\/\/eterle.cz\/eshop\/wp-json\/wp\/v2\/product\/9960\/revisions"}],"predecessor-version":[{"id":26059,"href":"https:\/\/eterle.cz\/eshop\/wp-json\/wp\/v2\/product\/9960\/revisions\/26059"}],"wp:featuredmedia":[{"embeddable":true,"href":"https:\/\/eterle.cz\/eshop\/wp-json\/wp\/v2\/media\/9961"}],"wp:attachment":[{"href":"https:\/\/eterle.cz\/eshop\/wp-json\/wp\/v2\/media?parent=9960"}],"wp:term":[{"taxonomy":"product_brand","embeddable":true,"href":"https:\/\/eterle.cz\/eshop\/wp-json\/wp\/v2\/product_brand?post=9960"},{"taxonomy":"product_cat","embeddable":true,"href":"https:\/\/eterle.cz\/eshop\/wp-json\/wp\/v2\/product_cat?post=9960"},{"taxonomy":"product_tag","embeddable":true,"href":"https:\/\/eterle.cz\/eshop\/wp-json\/wp\/v2\/product_tag?post=9960"}],"curies":[{"name":"wp","href":"https:\/\/api.w.org\/{rel}","templated":true}]}}