{"id":9965,"date":"2022-07-11T22:48:10","date_gmt":"2022-07-11T20:48:10","guid":{"rendered":"https:\/\/eterle.cz\/eshop\/produkt\/sada-5-sklenic-rosenthal\/"},"modified":"2025-06-24T01:51:39","modified_gmt":"2025-06-23T23:51:39","slug":"sada-5-sklenic-rosenthal","status":"publish","type":"product","link":"https:\/\/eterle.cz\/eshop\/produkt\/sada-5-sklenic-rosenthal\/","title":{"rendered":"Sada 5 sklenic \/ Rosenthal"},"content":{"rendered":"<p>Skleni\u010dky na vodu od zna\u010dky Rosenthal model Fortuna od v\u00fdtvarn\u00edka Elsa Fischer Treyden poch\u00e1zej\u00ed z roku 1952. Sklenice jsou tenou\u010dk\u00e9 a na zaj\u00edmavosti jim dod\u00e1v\u00e1 kou\u0159ov\u011b zbarven\u00fd podstavec ve tvaru ku\u017eele.<\/p>\n<p>Stav: v\u00fdborn\u00fd<br \/>\nZna\u010dka: Rosenthal<br \/>\nRozm\u011br<br \/>\nObjem: 200 ml<\/p>\n","protected":false},"excerpt":{"rendered":"<p>Skleni\u010dky na vodu od zna\u010dky Rosenthal model Fortuna od v\u00fdtvarn\u00edka Elsa Fischer Treyden poch\u00e1zej\u00ed z roku 1952. Sklenice jsou tenou\u010dk\u00e9<\/p>\n","protected":false},"featured_media":9966,"template":"","meta":[],"product_brand":[153],"product_cat":[75,134,101],"product_tag":[],"class_list":{"0":"post-9965","1":"product","2":"type-product","3":"status-publish","4":"has-post-thumbnail","6":"product_brand-eterle-cz","7":"product_cat-sklo","8":"product_cat-sklenice","9":"product_cat-rosenthal","11":"first","12":"instock","13":"purchasable","14":"product-type-simple"},"_links":{"self":[{"href":"https:\/\/eterle.cz\/eshop\/wp-json\/wp\/v2\/product\/9965","targetHints":{"allow":["GET"]}}],"collection":[{"href":"https:\/\/eterle.cz\/eshop\/wp-json\/wp\/v2\/product"}],"about":[{"href":"https:\/\/eterle.cz\/eshop\/wp-json\/wp\/v2\/types\/product"}],"version-history":[{"count":1,"href":"https:\/\/eterle.cz\/eshop\/wp-json\/wp\/v2\/product\/9965\/revisions"}],"predecessor-version":[{"id":26060,"href":"https:\/\/eterle.cz\/eshop\/wp-json\/wp\/v2\/product\/9965\/revisions\/26060"}],"wp:featuredmedia":[{"embeddable":true,"href":"https:\/\/eterle.cz\/eshop\/wp-json\/wp\/v2\/media\/9966"}],"wp:attachment":[{"href":"https:\/\/eterle.cz\/eshop\/wp-json\/wp\/v2\/media?parent=9965"}],"wp:term":[{"taxonomy":"product_brand","embeddable":true,"href":"https:\/\/eterle.cz\/eshop\/wp-json\/wp\/v2\/product_brand?post=9965"},{"taxonomy":"product_cat","embeddable":true,"href":"https:\/\/eterle.cz\/eshop\/wp-json\/wp\/v2\/product_cat?post=9965"},{"taxonomy":"product_tag","embeddable":true,"href":"https:\/\/eterle.cz\/eshop\/wp-json\/wp\/v2\/product_tag?post=9965"}],"curies":[{"name":"wp","href":"https:\/\/api.w.org\/{rel}","templated":true}]}}